{"id":16589,"date":"2021-03-23T10:17:28","date_gmt":"2021-03-23T08:17:28","guid":{"rendered":"https:\/\/www.fundaciomeritxell.cat\/?page_id=16589"},"modified":"2021-06-17T16:30:23","modified_gmt":"2021-06-17T14:30:23","slug":"accueil","status":"publish","type":"page","link":"https:\/\/www.fundaciomeritxell.cat\/fr\/accueil\/","title":{"rendered":"ACCUEIL"},"content":{"rendered":"\n<h2 class=\"wp-block-heading\">Service d\u2019Accueil &#8211; \u00c9cole Meritxell<\/h2>\n\n\n\n<p>L\u2019\u00e9cole offre un service gratuit et compl\u00e9mentaire d\u2019accueil aux \u00e9l\u00e8ves des familles qui, \u00e0 l\u2019heure convenue, ne peuvent pas d\u00e9poser leurs enfants au matin ou venir les chercher en fin d\u2019apr\u00e8s-midi.<\/p>\n\n\n\n<p>Le service est en fonctionnement \u00e0 partir 08:00 du matin et de 17:00 \u00e0 17:30 l\u2019apr\u00e8s-midi. Les parents ou les personnes autoris\u00e9es peuvent, donc, d\u00e9poser ou recueillir les enfants dans cette bande horaire.<\/p>\n\n\n\n<p>L\u2019accueil se r\u00e9alise toujours dans un espace contr\u00f4l\u00e9 ou les \u00e9l\u00e8ves sont \u00e0 la charge d\u2019un professeur responsable. Le matin, les \u00e9l\u00e8ves de jusqu\u2019\u00e0 6\u00e8me Primaire sont accompagn\u00e9s par le professeur responsable. Par contre, les \u00e9l\u00e8ves de Secondaire (ESO) peuvent aller en classe en attendant le d\u00e9but des cours.<\/p>\n","protected":false},"excerpt":{"rendered":"<p>Service d\u2019Accueil &#8211; \u00c9cole Meritxell L\u2019\u00e9cole offre un service gratuit et compl\u00e9mentaire d\u2019accueil aux \u00e9l\u00e8ves des familles qui, \u00e0 l\u2019heure convenue, ne peuvent pas d\u00e9poser leurs enfants au matin ou venir les chercher en fin d\u2019apr\u00e8s-midi. Le service est en fonctionnement \u00e0 partir 08:00 du matin et de 17:00 \u00e0 &hellip; <\/p>\n","protected":false},"author":2,"featured_media":0,"parent":0,"menu_order":0,"comment_status":"closed","ping_status":"closed","template":"","meta":{"footnotes":""},"class_list":["post-16589","page","type-page","status-publish","hentry"],"_links":{"self":[{"href":"https:\/\/www.fundaciomeritxell.cat\/fr\/wp-json\/wp\/v2\/pages\/16589","targetHints":{"allow":["GET"]}}],"collection":[{"href":"https:\/\/www.fundaciomeritxell.cat\/fr\/wp-json\/wp\/v2\/pages"}],"about":[{"href":"https:\/\/www.fundaciomeritxell.cat\/fr\/wp-json\/wp\/v2\/types\/page"}],"author":[{"embeddable":true,"href":"https:\/\/www.fundaciomeritxell.cat\/fr\/wp-json\/wp\/v2\/users\/2"}],"replies":[{"embeddable":true,"href":"https:\/\/www.fundaciomeritxell.cat\/fr\/wp-json\/wp\/v2\/comments?post=16589"}],"version-history":[{"count":0,"href":"https:\/\/www.fundaciomeritxell.cat\/fr\/wp-json\/wp\/v2\/pages\/16589\/revisions"}],"wp:attachment":[{"href":"https:\/\/www.fundaciomeritxell.cat\/fr\/wp-json\/wp\/v2\/media?parent=16589"}],"curies":[{"name":"wp","href":"https:\/\/api.w.org\/{rel}","templated":true}]}}