{"id":15921,"date":"2015-10-19T04:23:53","date_gmt":"2015-10-19T04:23:53","guid":{"rendered":"https:\/\/www.fundaciomeritxell.cat\/?page_id=15921"},"modified":"2026-01-22T16:10:07","modified_gmt":"2026-01-22T14:10:07","slug":"home-4","status":"publish","type":"page","link":"https:\/\/www.fundaciomeritxell.cat\/fr\/","title":{"rendered":"Home"},"content":{"rendered":"<div class=\"wpb-content-wrapper\"><p>[vc_row full_width=\u00a0\u00bbstretch_row_content_no_spaces\u00a0\u00bb][vc_column 0=\u00a0\u00bb\u00a0\u00bb css=\u00a0\u00bb.vc_custom_1619606187303{background-position: center !important;background-repeat: no-repeat !important;background-size: contain !important;}\u00a0\u00bb][rev_slider_vc alias=\u00a0\u00bbhome-page-13&Prime;][\/vc_column][\/vc_row][vc_row el_class=\u00a0\u00bbthim-best-industry\u00a0\u00bb css=\u00a0\u00bb.vc_custom_1619605759280{padding-right: 2px !important;padding-left: 2px !important;}\u00a0\u00bb][vc_column width=\u00a0\u00bb1\/3&Prime; css=\u00a0\u00bb.vc_custom_1619606588248{margin-bottom: 30px !important;padding-right: 1px !important;padding-left: 1px !important;}\u00a0\u00bb]<div class=\"thim-widget-icon-box template-base\"><div class=\"wrapper-box-icon has_read_more text-left overlay\" ><div class=\"smicon-box iconbox-left\" style=\"--icon-font-size:60px;--icon-color:#ffb828;--icon-width: 60px;--icon-height: 120px;\"><div class=\"boxes-icon\"><span class=\"inner-icon\"><span class=\"icon\"><i class=\"fas fa-file-alt\"><\/i><\/span><\/span><\/span><\/div><div class=\"content-inner\"><div class=\"sc-heading article_heading\"><h3 class = \"heading__primary\" >Blogs<\/h3><\/div><a class=\"smicon-read sc-btn\" target=\"_self\" href=\"https:\/\/www.fundaciomeritxell.cat\/blogs\/\"  style=\"--btn-text-color: #ffb606;--btn-text-color-hover:#ffb606;\" >Aller<i class=\"edu-chevron-right\"><\/i><\/a><\/div><\/div><\/div><\/div>[\/vc_column][vc_column width=\u00a0\u00bb1\/3&Prime; css=\u00a0\u00bb.vc_custom_1619606602667{margin-bottom: 30px !important;padding-right: 1px !important;padding-left: 1px !important;}\u00a0\u00bb]<div class=\"thim-widget-icon-box template-base\"><div class=\"wrapper-box-icon has_read_more text-left overlay\" ><div class=\"smicon-box iconbox-left\" style=\"--icon-font-size:60px;--icon-color:#ffb828;--icon-width: 80px;--icon-height: 120px;\"><div class=\"boxes-icon\"><span class=\"inner-icon\"><span class=\"icon\"><i class=\"fas fa-envelope\"><\/i><\/span><\/span><\/span><\/div><div class=\"content-inner\"><div class=\"sc-heading article_heading\"><h3 class = \"heading__primary\" >Mail<\/h3><\/div><a class=\"smicon-read sc-btn\" target=\"_self\" href=\"https:\/\/outlook.office.com\/mail\/inbox\" style=\"--btn-text-color: #ffb606;--btn-text-color-hover:#ffb606;\" rel=\"noopener\">Aller<i class=\"edu-chevron-right\"><\/i><\/a><\/div><\/div><\/div><\/div>[\/vc_column][vc_column width=\u00a0\u00bb1\/3&Prime; css=\u00a0\u00bb.vc_custom_1619606614112{margin-bottom: 30px !important;padding-right: 1px !important;padding-left: 1px !important;}\u00a0\u00bb]<div class=\"thim-widget-icon-box template-base\"><div class=\"wrapper-box-icon has_read_more text-left overlay\" ><div class=\"smicon-box iconbox-left\" style=\"--icon-font-size:60px;--icon-color:#ffb828;--icon-width: 90px;--icon-height: 120px;\"><div class=\"boxes-icon\"><span class=\"inner-icon\"><span class=\"icon\"><i class=\"fas fa-edit\"><\/i><\/span><\/span><\/span><\/div><div class=\"content-inner\"><div class=\"sc-heading article_heading\"><h3 class = \"heading__primary\" >ClickEdu<\/h3><\/div><a class=\"smicon-read sc-btn\" target=\"_self\" href=\"https:\/\/escolameritxell.clickedu.eu\/user.php?action=login\" style=\"--btn-text-color: #ffb606;--btn-text-color-hover:#ffb606;\" rel=\"noopener\">Aller<i class=\"edu-chevron-right\"><\/i><\/a><\/div><\/div><\/div><\/div>[\/vc_column][\/vc_row][vc_row css=\u00a0\u00bb.vc_custom_1619605775476{margin-bottom: 25px !important;background-color: #ffffff !important;}\u00a0\u00bb][vc_column width=\u00a0\u00bb1\/3&Prime; offset=\u00a0\u00bbvc_col-md-offset-0&Prime;]<div class=\"thim-widget-icon-box template-base\"><div class=\"wrapper-box-icon has_read_more text-left overlay\" style=\"background-color: #e5a524;\"><div class=\"smicon-box iconbox-left\" style=\"--icon-font-size:60px;--icon-color:#111111;--icon-width: 90px;--icon-height: 150px;\"><div class=\"boxes-icon\"><span class=\"inner-icon\"><span class=\"icon\"><i class=\"fas fa-lightbulb\"><\/i><\/span><\/span><\/span><\/div><div class=\"content-inner\"><div class=\"sc-heading article_heading\"><h3 class = \"heading__primary\" >Innovation \u00c9ducationnelle<\/h3><\/div><a class=\"smicon-read sc-btn\" target=\"_self\" href=\"\/fr\/traits-didentite\/innovation-educationnelle\/\"  style=\"--btn-text-color: #111111;--btn-text-color-hover:#111111;\" >Aller<i class=\"edu-chevron-right\"><\/i><\/a><\/div><\/div><\/div><\/div>[\/vc_column][vc_column width=\u00a0\u00bb1\/3&Prime;]<div class=\"thim-widget-icon-box template-base\"><div class=\"wrapper-box-icon has_read_more text-left overlay\" style=\"background-color: #e5a524;\"><div class=\"smicon-box iconbox-left\" style=\"--icon-font-size:60px;--icon-color:#111111;--icon-width: 90px;--icon-height: 150px;\"><div class=\"boxes-icon\"><span class=\"inner-icon\"><span class=\"icon\"><i class=\"fas fa-sun\"><\/i><\/span><\/span><\/span><\/div><div class=\"content-inner\"><div class=\"sc-heading article_heading\"><h3 class = \"heading__primary\" >Croissance personnelle<\/h3><\/div><a class=\"smicon-read sc-btn\" target=\"_self\" href=\"\/fr\/traits-didentite\/croissance-personnelle\/\"  style=\"--btn-text-color: #111111;--btn-text-color-hover:#111111;\" >Aller<i class=\"edu-chevron-right\"><\/i><\/a><\/div><\/div><\/div><\/div>[\/vc_column][vc_column width=\u00a0\u00bb1\/3&Prime;]<div class=\"thim-widget-icon-box template-base\"><div class=\"wrapper-box-icon has_read_more text-left overlay\" style=\"background-color: #e5a524;\"><div class=\"smicon-box iconbox-left\" style=\"--icon-font-size:60px;--icon-color:#111111;--icon-width: 90px;--icon-height: 150px;\"><div class=\"boxes-icon\"><span class=\"inner-icon\"><span class=\"icon\"><i class=\"fas fa-plane\"><\/i><\/span><\/span><\/span><\/div><div class=\"content-inner\"><div class=\"sc-heading article_heading\"><h3 class = \"heading__primary\" >Ouverture aupr\u00e8s du monde<\/h3><\/div><a class=\"smicon-read sc-btn\" target=\"_self\" href=\"\/fr\/traits-didentite\/ouverture-aupres-du-monde\/\"  style=\"--btn-text-color: #111111;--btn-text-color-hover:#111111;\" >Aller<i class=\"edu-chevron-right\"><\/i><\/a><\/div><\/div><\/div><\/div>[\/vc_column][\/vc_row][vc_row][vc_column width=\u00a0\u00bb1\/3&Prime;][vc_custom_heading text=\u00a0\u00bbProjet \u00c9ducatif\u00a0\u00bb font_container=\u00a0\u00bbtag:h2|text_align:left|color:%23ffb828&Prime; use_theme_fonts=\u00a0\u00bbyes\u00a0\u00bb][vc_single_image image=\u00a0\u00bb23825&Prime; img_size=\u00a0\u00bbfull\u00a0\u00bb][vc_column_text]<\/p>\n<p style=\"text-align: center;\">Nous vous invitons \u00e0 lire notre <a href=\"\/fr\/traits-didentite\/\">Projet \u00c9ducatif de Centre<\/a>.<\/p>\n<p>[\/vc_column_text][vc_single_image image=\u00a0\u00bb25755&Prime; img_size=\u00a0\u00bbfull\u00a0\u00bb onclick=\u00a0\u00bbcustom_link\u00a0\u00bb img_link_target=\u00a0\u00bb_blank\u00a0\u00bb css=\u00a0\u00bb\u00a0\u00bb link=\u00a0\u00bbhttps:\/\/www.dropbox.com\/scl\/fi\/c5960llvudff9ja1orm74\/memoria-meritxell-2024-25.pdf?rlkey=mt188c23d73n1ju1xq0heicb9&amp;st=2qfrdhks&amp;dl=0&Prime;][\/vc_column][vc_column width=\u00a0\u00bb1\/3&Prime;][vc_custom_heading text=\u00a0\u00bbParce que l&rsquo;\u00e9cole Meritxell\u00a0\u00bb font_container=\u00a0\u00bbtag:h2|text_align:left|color:%23ffb828&Prime; use_theme_fonts=\u00a0\u00bbyes\u00a0\u00bb][vc_empty_space height=\u00a0\u00bb8px\u00a0\u00bb][vc_column_text]<\/p>\n<ul>\n<li>\n<h4>Projet \u00c9ducatif centr\u00e9 dans l&rsquo;accompagnement personnalis\u00e9 de nos \u00e9l\u00e8ves.<\/h4>\n<\/li>\n<\/ul>\n<ul>\n<li>\n<h4>Offre \u00e9ducative a partir des 3 ans jusqu&rsquo;aux 18 ans.<\/h4>\n<\/li>\n<li>\n<h4>Internationalisation et langues.<\/h4>\n<\/li>\n<li>\n<h4>M\u00e9thodologies d&rsquo;apprentissage innovatrices.<\/h4>\n<\/li>\n<li>\n<h4>Una \u00e9cole entour\u00e9e de natures.<\/h4>\n<\/li>\n<\/ul>\n<p>[\/vc_column_text][vc_empty_space][vc_column_text css=\u00a0\u00bb\u00a0\u00bb]<\/p>\n<p>&nbsp;<\/p>\n<p><span style=\"color: #000000;\"><a style=\"color: #000000;\" href=\"https:\/\/www.dropbox.com\/scl\/fi\/c5960llvudff9ja1orm74\/memoria-meritxell-2024-25.pdf?rlkey=mt188c23d73n1ju1xq0heicb9&amp;st=2qfrdhks&amp;dl=0\" target=\"_blank\" rel=\"noopener\">Vous pouvez consulter la <strong>M\u00e9moire R\u00e9sum\u00e9<\/strong> de l&rsquo;\u00e9cole du dernier cours o\u00f9 vous trouverez les donn\u00e9es g\u00e9n\u00e9rales, les resultats acad\u00e9miques, une carte de l&rsquo;\u00e9cole et les activit\u00e9s extra-scolaires, linguistiques, \u00e9ducatives et de voyages que nous avons effectu\u00e9s tout au long de l&rsquo;ann\u00e9e.<\/a><\/span>[\/vc_column_text][\/vc_column][vc_column width=\u00a0\u00bb1\/3&Prime; css=\u00a0\u00bb.vc_custom_1616263393476{border-top-width: 4px !important;border-right-width: 4px !important;border-bottom-width: 4px !important;border-left-width: 4px !important;border-left-color: #000000 !important;border-left-style: s\u00f2lid !important;border-right-color: #000000 !important;border-right-style: s\u00f2lid !important;border-top-color: #000000 !important;border-top-style: s\u00f2lid !important;border-bottom-color: #000000 !important;border-bottom-style: s\u00f2lid !important;}\u00a0\u00bb][vc_custom_heading text=\u00a0\u00bbContacter l&rsquo;\u00e9cole\u00a0\u00bb font_container=\u00a0\u00bbtag:h2|text_align:center|color:%23ffffff\u00a0\u00bb use_theme_fonts=\u00a0\u00bbyes\u00a0\u00bb css=\u00a0\u00bb.vc_custom_1619771703271{background-color: #ffb828 !important;}\u00a0\u00bb]\n<div class=\"wpcf7 no-js\" id=\"wpcf7-f17206-o1\" lang=\"fr-FR\" dir=\"ltr\" data-wpcf7-id=\"17206\">\n<div class=\"screen-reader-response\"><p role=\"status\" aria-live=\"polite\" aria-atomic=\"true\"><\/p> <ul><\/ul><\/div>\n<form action=\"\/fr\/wp-json\/wp\/v2\/pages\/15921#wpcf7-f17206-o1\" method=\"post\" class=\"wpcf7-form init\" aria-label=\"Formulaire de contact\" novalidate=\"novalidate\" data-status=\"init\">\n<fieldset class=\"hidden-fields-container\"><input type=\"hidden\" name=\"_wpcf7\" value=\"17206\" \/><input type=\"hidden\" name=\"_wpcf7_version\" value=\"6.1.5\" \/><input type=\"hidden\" name=\"_wpcf7_locale\" value=\"fr_FR\" \/><input type=\"hidden\" name=\"_wpcf7_unit_tag\" value=\"wpcf7-f17206-o1\" \/><input type=\"hidden\" name=\"_wpcf7_container_post\" value=\"0\" \/><input type=\"hidden\" name=\"_wpcf7_posted_data_hash\" value=\"\" \/>\n<\/fieldset>\n<p><span class=\"wpcf7-form-control-wrap\" data-name=\"your-name\"><input size=\"40\" maxlength=\"400\" class=\"wpcf7-form-control wpcf7-text wpcf7-validates-as-required\" aria-required=\"true\" aria-invalid=\"false\" placeholder=\"Nom *\" value=\"\" type=\"text\" name=\"your-name\" \/><\/span>\n<\/p>\n<p><span class=\"wpcf7-form-control-wrap\" data-name=\"your-email\"><input size=\"40\" maxlength=\"400\" class=\"wpcf7-form-control wpcf7-email wpcf7-validates-as-required wpcf7-text wpcf7-validates-as-email\" aria-required=\"true\" aria-invalid=\"false\" placeholder=\"Email *\" value=\"\" type=\"email\" name=\"your-email\" \/><\/span>\n<\/p>\n<p><span class=\"wpcf7-form-control-wrap\" data-name=\"your-subject\"><input size=\"40\" maxlength=\"400\" class=\"wpcf7-form-control wpcf7-text wpcf7-validates-as-required\" aria-required=\"true\" aria-invalid=\"false\" placeholder=\"Affaire *\" value=\"\" type=\"text\" name=\"your-subject\" \/><\/span>\n<\/p>\n<p><span class=\"wpcf7-form-control-wrap\" data-name=\"your-message\"><textarea cols=\"40\" rows=\"10\" maxlength=\"2000\" class=\"wpcf7-form-control wpcf7-textarea wpcf7-validates-as-required\" aria-required=\"true\" aria-invalid=\"false\" placeholder=\"Message *\" name=\"your-message\"><\/textarea><\/span>\n<\/p>\n<p><span class=\"wpcf7-form-control-wrap\" data-name=\"acceptance-650\"><span class=\"wpcf7-form-control wpcf7-acceptance\"><span class=\"wpcf7-list-item\"><label><input type=\"checkbox\" name=\"acceptance-650\" value=\"1\" aria-invalid=\"false\" \/><span class=\"wpcf7-list-item-label\">He llegit i accepto la <a href=\"https:\/\/www.dropbox.com\/s\/wouz1vib24g7qdt\/INFORMACI%C3%93%20B%C3%80SICA%20SOBRE%20PROTECCI%C3%93%20DE%20DADES.pdf?dl=0\" target=\"_blank\" rel=\"noopener\">Informaci\u00f3 b\u00e0sica sobre protecci\u00f3 de dades<\/a>, aix\u00ed com la informaci\u00f3 addicional detallada en la <a href=\"https:\/\/www.dropbox.com\/s\/kdnl8z2orqztpe3\/ESCOLA_MERITXELL_POLITICA_DE_PROTECCIO_DE_DADES_PAGINA_WEB_.pdf?dl=0\" target=\"_blank\" rel=\"noopener\">Pol\u00edtica de privacitat i protecci\u00f3 de dades<\/a>.<\/span><\/label><\/span><\/span><\/span>\n<\/p>\n<p><span class=\"wpcf7-form-control-wrap\" data-name=\"acceptance-660\"><span class=\"wpcf7-form-control wpcf7-acceptance optional\"><span class=\"wpcf7-list-item\"><label><input type=\"checkbox\" name=\"acceptance-660\" value=\"1\" aria-invalid=\"false\" \/><span class=\"wpcf7-list-item-label\">Accepto rebre butlletins informatius sobre les activitats de: ESCOLA MERITXELL<\/span><\/label><\/span><\/span><\/span>\n<\/p>\n<p><input class=\"wpcf7-form-control wpcf7-submit has-spinner\" type=\"submit\" value=\"Envoyer\" \/>\n<\/p><input type=\"text\" name=\"cGHZ0\" value=\"\" style=\"display: none !important;\" \/><div class=\"wpcf7-response-output\" aria-hidden=\"true\"><\/div>\n<\/form>\n<\/div>\n[\/vc_column][\/vc_row][vc_row][vc_column][vc_custom_heading text=\u00a0\u00bbENSEIGNEMENTS\u00a0\u00bb font_container=\u00a0\u00bbtag:h1|text_align:center|color:%23ffb828&Prime; use_theme_fonts=\u00a0\u00bbyes\u00a0\u00bb][\/vc_column][\/vc_row][vc_row][vc_column width=\u00a0\u00bb1\/4&Prime;][vc_single_image image=\u00a0\u00bb23833&Prime; img_size=\u00a0\u00bb600&#215;450&Prime; alignment=\u00a0\u00bbcenter\u00a0\u00bb style=\u00a0\u00bbvc_box_shadow_border\u00a0\u00bb onclick=\u00a0\u00bbcustom_link\u00a0\u00bb link=\u00a0\u00bb\/fr\/maternelle\/\u00a0\u00bb][vc_custom_heading text=\u00a0\u00bb\u00c9COLE MATERNELLE\u00a0\u00bb font_container=\u00a0\u00bbtag:h4|text_align:center\u00a0\u00bb use_theme_fonts=\u00a0\u00bbyes\u00a0\u00bb link=\u00a0\u00bburl:%2Ffr%2Fmaternelle%2F\u00a0\u00bb][\/vc_column][vc_column width=\u00a0\u00bb1\/4&Prime;][vc_single_image image=\u00a0\u00bb23841&Prime; img_size=\u00a0\u00bbfull\u00a0\u00bb alignment=\u00a0\u00bbcenter\u00a0\u00bb style=\u00a0\u00bbvc_box_shadow_border\u00a0\u00bb onclick=\u00a0\u00bbcustom_link\u00a0\u00bb link=\u00a0\u00bb\/fr\/elementaire\/\u00a0\u00bb][vc_custom_heading text=\u00a0\u00bb\u00c9COLE \u00c9L\u00c9MENTAIRE\u00a0\u00bb font_container=\u00a0\u00bbtag:h4|text_align:center\u00a0\u00bb use_theme_fonts=\u00a0\u00bbyes\u00a0\u00bb link=\u00a0\u00bburl:%2Ffr%2Felementaire%2F\u00a0\u00bb][\/vc_column][vc_column width=\u00a0\u00bb1\/4&Prime;][vc_single_image image=\u00a0\u00bb23849&Prime; img_size=\u00a0\u00bb600&#215;450&Prime; alignment=\u00a0\u00bbcenter\u00a0\u00bb style=\u00a0\u00bbvc_box_shadow_border\u00a0\u00bb onclick=\u00a0\u00bbcustom_link\u00a0\u00bb link=\u00a0\u00bb\/fr\/college\/\u00a0\u00bb][vc_custom_heading text=\u00a0\u00bbCOLL\u00c8GE\u00a0\u00bb font_container=\u00a0\u00bbtag:h4|text_align:center\u00a0\u00bb use_theme_fonts=\u00a0\u00bbyes\u00a0\u00bb link=\u00a0\u00bburl:%2Ffr%2Fcollege%2F\u00a0\u00bb][\/vc_column][vc_column width=\u00a0\u00bb1\/4&Prime;][vc_single_image image=\u00a0\u00bb23857&Prime; img_size=\u00a0\u00bb600&#215;450&Prime; alignment=\u00a0\u00bbcenter\u00a0\u00bb style=\u00a0\u00bbvc_box_shadow_border\u00a0\u00bb onclick=\u00a0\u00bbcustom_link\u00a0\u00bb link=\u00a0\u00bb\/fr\/lycee\/\u00a0\u00bb][vc_custom_heading text=\u00a0\u00bbLYC\u00c9E\u00a0\u00bb font_container=\u00a0\u00bbtag:h4|text_align:center\u00a0\u00bb use_theme_fonts=\u00a0\u00bbyes\u00a0\u00bb link=\u00a0\u00bburl:%2Ffr%2Flycee%2F\u00a0\u00bb][\/vc_column][\/vc_row][vc_row full_width=\u00a0\u00bbstretch_row\u00a0\u00bb css=\u00a0\u00bb.vc_custom_1623914664141{padding-right: 10px !important;padding-bottom: 10px !important;padding-left: 10px !important;background-color: #e8e8e8 !important;}\u00a0\u00bb][vc_column][vc_row_inner css=\u00a0\u00bb.vc_custom_1616350970877{margin-top: -20px !important;}\u00a0\u00bb][vc_column_inner][vc_custom_heading text=\u00a0\u00bbSERVICES\u00a0\u00bb font_container=\u00a0\u00bbtag:h1|text_align:left|color:%23111111&Prime; use_theme_fonts=\u00a0\u00bbyes\u00a0\u00bb][\/vc_column_inner][\/vc_row_inner][vc_row_inner][vc_column_inner width=\u00a0\u00bb1\/4&Prime;][vc_single_image image=\u00a0\u00bb23864&Prime; img_size=\u00a0\u00bb600&#215;425&Prime; alignment=\u00a0\u00bbcenter\u00a0\u00bb style=\u00a0\u00bbvc_box_rounded\u00a0\u00bb onclick=\u00a0\u00bbcustom_link\u00a0\u00bb link=\u00a0\u00bb\/fr\/demi-pension\/\u00a0\u00bb][vc_custom_heading text=\u00a0\u00bbDEMI-PENSION\u00a0\u00bb font_container=\u00a0\u00bbtag:h4|text_align:center|color:%23e5a524&Prime; use_theme_fonts=\u00a0\u00bbyes\u00a0\u00bb link=\u00a0\u00bburl:%2Ffr%2Fdemi-pension%2F\u00a0\u00bb][\/vc_column_inner][vc_column_inner width=\u00a0\u00bb1\/4&Prime;][vc_single_image image=\u00a0\u00bb23872&Prime; img_size=\u00a0\u00bb600&#215;425&Prime; alignment=\u00a0\u00bbcenter\u00a0\u00bb style=\u00a0\u00bbvc_box_rounded\u00a0\u00bb onclick=\u00a0\u00bbcustom_link\u00a0\u00bb link=\u00a0\u00bb\/fr\/transport\/\u00a0\u00bb][vc_custom_heading text=\u00a0\u00bbTRANSPORT\u00a0\u00bb font_container=\u00a0\u00bbtag:h4|text_align:center|color:%23e5a524&Prime; use_theme_fonts=\u00a0\u00bbyes\u00a0\u00bb link=\u00a0\u00bburl:%2Ffr%2Ftransport%2F\u00a0\u00bb][\/vc_column_inner][vc_column_inner width=\u00a0\u00bb1\/4&Prime;][vc_single_image image=\u00a0\u00bb23879&Prime; img_size=\u00a0\u00bb600&#215;425&Prime; alignment=\u00a0\u00bbcenter\u00a0\u00bb style=\u00a0\u00bbvc_box_rounded\u00a0\u00bb onclick=\u00a0\u00bbcustom_link\u00a0\u00bb link=\u00a0\u00bb\/fr\/doip\/\u00a0\u00bb][vc_custom_heading text=\u00a0\u00bbDOIP\u00a0\u00bb font_container=\u00a0\u00bbtag:h4|text_align:center|color:%23e5a524&Prime; use_theme_fonts=\u00a0\u00bbyes\u00a0\u00bb link=\u00a0\u00bburl:%2Ffr%2Fdoip%2F\u00a0\u00bb][\/vc_column_inner][vc_column_inner width=\u00a0\u00bb1\/4&Prime;][vc_single_image image=\u00a0\u00bb23887&Prime; img_size=\u00a0\u00bb600&#215;425&Prime; alignment=\u00a0\u00bbcenter\u00a0\u00bb style=\u00a0\u00bbvc_box_rounded\u00a0\u00bb onclick=\u00a0\u00bbcustom_link\u00a0\u00bb link=\u00a0\u00bb\/fr\/accueil\/\u00a0\u00bb][vc_custom_heading text=\u00a0\u00bbACCUEIL\u00a0\u00bb font_container=\u00a0\u00bbtag:h4|text_align:center|color:%23e5a524&Prime; use_theme_fonts=\u00a0\u00bbyes\u00a0\u00bb link=\u00a0\u00bburl:%2Ffr%2Faccueil%2F\u00a0\u00bb][\/vc_column_inner][\/vc_row_inner][\/vc_column][\/vc_row][vc_row][vc_column width=\u00a0\u00bb1\/6&Prime;][vc_single_image image=\u00a0\u00bb23921&Prime; img_size=\u00a0\u00bb\u00a0\u00bb onclick=\u00a0\u00bbcustom_link\u00a0\u00bb img_link_target=\u00a0\u00bb_blank\u00a0\u00bb link=\u00a0\u00bbhttps:\/\/www.agrescat.cat\/ca\/index.htm\u00a0\u00bb][\/vc_column][vc_column width=\u00a0\u00bb1\/6&Prime;][vc_single_image image=\u00a0\u00bb23917&Prime; img_size=\u00a0\u00bb\u00a0\u00bb onclick=\u00a0\u00bbcustom_link\u00a0\u00bb img_link_target=\u00a0\u00bb_blank\u00a0\u00bb link=\u00a0\u00bbhttp:\/\/www.concertadesllarsmataro.com\/\u00a0\u00bb][\/vc_column][vc_column width=\u00a0\u00bb1\/6&Prime;][vc_single_image image=\u00a0\u00bb23913&Prime; img_size=\u00a0\u00bb\u00a0\u00bb onclick=\u00a0\u00bbcustom_link\u00a0\u00bb img_link_target=\u00a0\u00bb_blank\u00a0\u00bb css=\u00a0\u00bb\u00a0\u00bb link=\u00a0\u00bbhttps:\/\/www.dropbox.com\/scl\/fi\/flycql9yg3zk78n686e6v\/Servei-Cafeteria_Escola-Meritxell-24-25.pdf?rlkey=rl9k5xbeawpwq4e69b04lvdn5&amp;st=wi4bxj7r&amp;dl=0&Prime;][\/vc_column][vc_column width=\u00a0\u00bb1\/6&Prime;][vc_single_image image=\u00a0\u00bb23925&Prime; img_size=\u00a0\u00bb\u00a0\u00bb onclick=\u00a0\u00bbcustom_link\u00a0\u00bb img_link_target=\u00a0\u00bb_blank\u00a0\u00bb link=\u00a0\u00bbhttps:\/\/www.fundaciomeritxell.cat\/coneix-nos\/alumni-escola-meritxell\/\u00a0\u00bb][\/vc_column][vc_column width=\u00a0\u00bb1\/6&Prime;][vc_single_image image=\u00a0\u00bb23909&Prime; img_size=\u00a0\u00bb\u00a0\u00bb onclick=\u00a0\u00bbcustom_link\u00a0\u00bb img_link_target=\u00a0\u00bb_blank\u00a0\u00bb link=\u00a0\u00bbhttps:\/\/www.academica.school\/files\/Guia-Rapida-ACADEMICA_CAT.pdf\u00a0\u00bb][\/vc_column][vc_column width=\u00a0\u00bb1\/6&Prime;][vc_single_image image=\u00a0\u00bb23905&Prime; img_size=\u00a0\u00bb\u00a0\u00bb][\/vc_column][vc_column width=\u00a0\u00bb1\/6&Prime;][vc_single_image image=\u00a0\u00bb25522&Prime; img_size=\u00a0\u00bb\u00a0\u00bb onclick=\u00a0\u00bbcustom_link\u00a0\u00bb img_link_target=\u00a0\u00bb_blank\u00a0\u00bb css=\u00a0\u00bb\u00a0\u00bb link=\u00a0\u00bbhttps:\/\/www.llibrestext.com\/botiga\/index\u00a0\u00bb][\/vc_column][\/vc_row]<\/p>\n<\/div>","protected":false},"excerpt":{"rendered":"<p>[vc_row full_width=\u00a0\u00bbstretch_row_content_no_spaces\u00a0\u00bb][vc_column 0=\u00a0\u00bb\u00a0\u00bb css=\u00a0\u00bb.vc_custom_1619606187303{background-position: center !important;background-repeat: no-repeat !important;background-size: contain !important;}\u00a0\u00bb][rev_slider_vc alias=\u00a0\u00bbhome-page-13&Prime;][\/vc_column][\/vc_row][vc_row el_class=\u00a0\u00bbthim-best-industry\u00a0\u00bb css=\u00a0\u00bb.vc_custom_1619605759280{padding-right: 2px !important;padding-left: 2px !important;}\u00a0\u00bb][vc_column width=\u00a0\u00bb1\/3&Prime; css=\u00a0\u00bb.vc_custom_1619606588248{margin-bottom: 30px !important;padding-right: 1px !important;padding-left: 1px !important;}\u00a0\u00bb][\/vc_column][vc_column width=\u00a0\u00bb1\/3&Prime; css=\u00a0\u00bb.vc_custom_1619606602667{margin-bottom: 30px !important;padding-right: 1px !important;padding-left: 1px !important;}\u00a0\u00bb][\/vc_column][vc_column width=\u00a0\u00bb1\/3&Prime; css=\u00a0\u00bb.vc_custom_1619606614112{margin-bottom: 30px !important;padding-right: 1px !important;padding-left: 1px !important;}\u00a0\u00bb][\/vc_column][\/vc_row][vc_row css=\u00a0\u00bb.vc_custom_1619605775476{margin-bottom: 25px !important;background-color: #ffffff !important;}\u00a0\u00bb][vc_column width=\u00a0\u00bb1\/3&Prime; offset=\u00a0\u00bbvc_col-md-offset-0&Prime;][\/vc_column][vc_column width=\u00a0\u00bb1\/3&Prime;][\/vc_column][vc_column width=\u00a0\u00bb1\/3&Prime;][\/vc_column][\/vc_row][vc_row][vc_column &hellip; <\/p>\n","protected":false},"author":2,"featured_media":0,"parent":0,"menu_order":0,"comment_status":"closed","ping_status":"closed","template":"page-templates\/homepage.php","meta":{"rs_blank_template":"","rs_page_bg_color":"","slide_template_v7":"","footnotes":""},"class_list":["post-15921","page","type-page","status-publish","hentry"],"_links":{"self":[{"href":"https:\/\/www.fundaciomeritxell.cat\/fr\/wp-json\/wp\/v2\/pages\/15921","targetHints":{"allow":["GET"]}}],"collection":[{"href":"https:\/\/www.fundaciomeritxell.cat\/fr\/wp-json\/wp\/v2\/pages"}],"about":[{"href":"https:\/\/www.fundaciomeritxell.cat\/fr\/wp-json\/wp\/v2\/types\/page"}],"author":[{"embeddable":true,"href":"https:\/\/www.fundaciomeritxell.cat\/fr\/wp-json\/wp\/v2\/users\/2"}],"replies":[{"embeddable":true,"href":"https:\/\/www.fundaciomeritxell.cat\/fr\/wp-json\/wp\/v2\/comments?post=15921"}],"version-history":[{"count":1,"href":"https:\/\/www.fundaciomeritxell.cat\/fr\/wp-json\/wp\/v2\/pages\/15921\/revisions"}],"predecessor-version":[{"id":26071,"href":"https:\/\/www.fundaciomeritxell.cat\/fr\/wp-json\/wp\/v2\/pages\/15921\/revisions\/26071"}],"wp:attachment":[{"href":"https:\/\/www.fundaciomeritxell.cat\/fr\/wp-json\/wp\/v2\/media?parent=15921"}],"curies":[{"name":"wp","href":"https:\/\/api.w.org\/{rel}","templated":true}]}}