{"id":16618,"date":"2015-11-10T08:58:26","date_gmt":"2015-11-10T07:58:26","guid":{"rendered":"https:\/\/www.fundaciomeritxell.cat\/cic-idiomes-2\/"},"modified":"2026-05-12T20:39:20","modified_gmt":"2026-05-12T18:39:20","slug":"cic-idiomes","status":"publish","type":"page","link":"https:\/\/www.fundaciomeritxell.cat\/es\/cic-idiomes\/","title":{"rendered":"CIC IDIOMES"},"content":{"rendered":"<div class=\"wpb-content-wrapper\"><p>[vc_row][vc_column][vc_single_image image=\u00bb26734&#8243; img_size=\u00bbfull\u00bb alignment=\u00bbcenter\u00bb css=\u00bb\u00bb][\/vc_column][\/vc_row][vc_section full_width=\u00bbstretch_row\u00bb css=\u00bb.vc_custom_1778602159018{background-color: #EDEDED !important;}\u00bb][vc_row css=\u00bb.vc_custom_1778602210088{margin-bottom: 0px !important;padding-bottom: 0px !important;}\u00bb][vc_column]<div class=\"thim-widget-heading template-base\"><div class=\"sc_heading  text-left\"><h2 style=\"text-transform: uppercase;color:#0058A2;font-size:24px;font-weight:700;font-style:normal;\" class=\"title\">Qu\u00e9 es CIC Escola d'Idiomes Matar\u00f3 - Escola Meritxell<\/h2><span style=\"background-color:#ECB82C\" class=\"line\"><\/span><\/div><\/div>[\/vc_column][\/vc_row][vc_row full_width=\u00bbstretch_row\u00bb equal_height=\u00bbyes\u00bb content_placement=\u00bbmiddle\u00bb][vc_column width=\u00bb1\/2&#8243;][vc_column_text css=\u00bb\u00bb]Escola Meritxell tiene un proyecto propio <a href=\"https:\/\/www.fundaciomeritxell.cat\/es\/el-ingles-en-la-escuela\/\" target=\"_blank\" rel=\"noreferrer noopener\">de aprendizaje del ingl\u00e9s<\/a> pero en nuestra voluntad de buscar siempre la excelencia, tenemos un acuerdo de colaboraci\u00f3n con la Instituci\u00f3 Cultural del CIC, con el decidido prop\u00f3sito de <strong>ofrecer una oferta de calidad en la ense\u00f1anza de idiomas<\/strong> en la comarca y ayudar a los alumnos de la escuela, y a quien lo necesite, a mejorar su ingl\u00e9s.<\/p>\n<p>El objetivo conjunto es conseguir que CIC Escola d&#8217;Idiomas Matar\u00f3 &#8211; Escola Meritxell convierta y se consolide como un referente de prestigio en todo el Maresme.<\/p>\n<p><strong><a href=\"http:\/\/www.iccic.edu\/idiomes\/\" target=\"_blank\" rel=\"noopener noreferrer\">CIC Escola d\u2019Idiomes<\/a> est\u00e1 avalada por los m\u00e1s de 50 a\u00f1os dedicados a la organizaci\u00f3n de cursos de idiomas. CIC Escuela de Idiomas forma el profesorado de manera continua, con un estilo y metodolog\u00eda propios, poniendo especial \u00e9nfasis en las nuevas tecnolog\u00edas (web tools 2.0) que se utilizan en el aula.<\/strong>[\/vc_column_text][\/vc_column][vc_column width=\u00bb1\/2&#8243;][vc_single_image image=\u00bb26735&#8243; img_size=\u00bbfull\u00bb alignment=\u00bbcenter\u00bb style=\u00bbvc_box_shadow\u00bb css=\u00bb.vc_custom_1778601833413{border-radius: 25px !important;}\u00bb][vc_column_text css=\u00bb\u00bb]El alumnado, gracias al seguimiento personalizado del equipo de coordinaci\u00f3n de CIC y de la Escola Meritxell, tiene garantizado el m\u00e1ximo progreso en su aprendizaje. <strong>Los resultados lo demuestran: el <a href=\"https:\/\/www.fundaciomeritxell.cat\/100-daprovats-al-fce\/\" target=\"_blank\" rel=\"noreferrer noopener\">100% de los alumnos Meritxell ha superado los ex\u00e1menes del FIRST<\/a> y tambi\u00e9n lo ha hecho el <a href=\"https:\/\/www.fundaciomeritxell.cat\/cae-100-daprovats\/\" target=\"_blank\" rel=\"noreferrer noopener\">100% en el caso del CAE<\/a><\/strong>.[\/vc_column_text][\/vc_column][\/vc_row][\/vc_section][vc_row css=\u00bb.vc_custom_1778608547030{margin-top: 20px !important;margin-bottom: 20px !important;}\u00bb][vc_column][vc_row_inner equal_height=\u00bbyes\u00bb][vc_column_inner width=\u00bb1\/2&#8243;]<div class=\"thim-widget-heading template-base\"><div class=\"sc_heading  text-left\"><h2 style=\"text-transform: uppercase;color:#0058A2;\" class=\"title\">Objetivos del CIC<\/h2><span style=\"background-color:#ECB82C\" class=\"line\"><\/span><\/div><\/div>[vc_column_text css=\u00bb\u00bb]<\/p>\n<p>1\/ <strong>Perder el miedo a lo \u201cdesconocido\u201d<\/strong>. Un nuevo idioma con su carga de diferencias a todos los niveles puede dar miedo hasta el punto de bloquear a un estudiante. Introduciremos progresivamente el idioma con ejercicios y materiales muy diversos. El objetivo es que el estudiante \u00abse encuentre a gusto\u00bb en un contexto ling\u00fc\u00edstico diferente.<\/p>\n<p>2\/ La <strong>adquisici\u00f3n de competencias y habilidades ling\u00fc\u00edsticas<\/strong>. El estudiante debe demostrar un progreso constante en su expresi\u00f3n y comprensi\u00f3n orales y escritas, tanto para poder desarrollarse sin problemas en el entorno de su lengua de aprendizaje, como para alcanzar los m\u00e1ximos niveles de competencias definidos en el Marc Europeu de Competencias Ling\u00fc\u00edsticas, y <strong>poder presentarse a los ex\u00e1menes oficiales<\/strong>.<\/p>\n<p>[\/vc_column_text][\/vc_column_inner][vc_column_inner width=\u00bb1\/2&#8243; css=\u00bb.vc_custom_1776194576402{padding-top: 20px !important;padding-right: 20px !important;padding-bottom: 20px !important;padding-left: 20px !important;}\u00bb][vc_single_image image=\u00bb17769&#8243; img_size=\u00bbfull\u00bb alignment=\u00bbcenter\u00bb style=\u00bbvc_box_shadow\u00bb css=\u00bb.vc_custom_1778602286856{border-radius: 25px !important;}\u00bb][\/vc_column_inner][\/vc_row_inner][\/vc_column][\/vc_row][vc_section full_width=\u00bbstretch_row\u00bb parallax=\u00bbcontent-moving\u00bb parallax_image=\u00bb23961&#8243; css_animation=\u00bbnone\u00bb][vc_row css=\u00bb.vc_custom_1778608792256{padding-top: 0px !important;padding-right: 15px !important;padding-left: 15px !important;background-color: #FFFFFFE8 !important;border-radius: 25px !important;}\u00bb][vc_column][vc_row_inner css=\u00bb.vc_custom_1776182610284{margin-top: 0px !important;padding-top: 0px !important;}\u00bb][vc_column_inner width=\u00bb2\/3&#8243;]<div class=\"vc-extral_class wpb_animate_when_almost_visible wpb_fadeIn fadeIn\"><div class=\"thim-widget-heading template-base\"><div class=\"sc_heading  text-left\"><h2 style=\"text-transform: uppercase;color:#0058A2;\" class=\"title\">Qui\u00e9n y qu\u00e9 se puede estudiar en el CIC<\/h2><span style=\"background-color:#ECB82C\" class=\"line\"><\/span><\/div><\/div><\/div>[vc_column_text css=\u00bb\u00bb]<\/p>\n<p><strong>Ofrecemos cursos desde Infantil hasta adultos.<\/strong><\/p>\n<p>De Infantil a 4\u00ba de Primaria utilizamos <strong>material dise\u00f1ado exclusivamente por los profesionales del CIC<\/strong>. Se trata de cursos que combinan m\u00fasica, cuentos, manualidades y din\u00e1micas que van enfocadas a entender el idioma.<\/p>\n<p>De 5\u00ba de Primaria a 2\u00ba de Bachillerato los grupos se forman en funci\u00f3n de la edad y el nivel. <strong>Nuestra metodolog\u00eda se basa en la comunicaci\u00f3n, en los buenos h\u00e1bitos<\/strong> de trabajo tanto dentro como fuera de clase y la utilizaci\u00f3n de las nuevas tecnolog\u00edas.<\/p>\n<p>Para los adultos ofrecemos cursos por la noche. El temari se adapta a las necesidades de cada grupo y <strong>se dirigen a mejorar las habilidades comunicativas<\/strong> del alumno.<\/p>\n<p>Pod\u00e9is consultar el cat\u00e1logo de los cursos de ingl\u00e9s que encontrar\u00e9is m\u00e1s abajo para mayor detalle.<\/p>\n<p>[\/vc_column_text][\/vc_column_inner][vc_column_inner width=\u00bb1\/3&#8243;][vc_single_image image=\u00bb19513&#8243; img_size=\u00bbfull\u00bb alignment=\u00bbcenter\u00bb css=\u00bb\u00bb][\/vc_column_inner][\/vc_row_inner][\/vc_column][\/vc_row][\/vc_section][vc_section parallax=\u00bbcontent-moving\u00bb][vc_row css=\u00bb.vc_custom_1778609709926{margin-top: 40px !important;padding-top: 25px !important;}\u00bb][vc_column][vc_row_inner equal_height=\u00bbyes\u00bb content_placement=\u00bbmiddle\u00bb][vc_column_inner width=\u00bb1\/2&#8243;][vc_empty_space][vc_single_image image=\u00bb26359&#8243; img_size=\u00bbfull\u00bb alignment=\u00bbcenter\u00bb style=\u00bbvc_box_rounded\u00bb css=\u00bb.vc_custom_1778609345333{border-radius: 30px !important;}\u00bb][\/vc_column_inner][vc_column_inner width=\u00bb1\/2&#8243;]<div class=\"thim-widget-heading template-base\"><div class=\"sc_heading  text-left\"><h2 style=\"text-transform: uppercase;color:#0058A2;\" class=\"title\">Estancias ling\u00fc\u00edsticas en el extranjero y Colonias en ingl\u00e9s en Catalunya<\/h2><span style=\"background-color:#ECB82C\" class=\"line\"><\/span><\/div><\/div>[vc_column_text css=\u00bb\u00bb]<\/p>\n<ul>\n<li>Organizamos <strong>colonias en ingl\u00e9s en Catalu\u00f1a para ni\u00f1os de 5 a 14 a\u00f1os<\/strong>. Las estancias son de 5 a 7 d\u00edas; adem\u00e1s de aprender ingl\u00e9s a trav\u00e9s de proyectos divertidos, realizan actividades de ocio, deportes y juegos nocturnos.<\/li>\n<li><strong>Estancias de verano de 2 a 10 semanas en EE. UU., Canad\u00e1, Nueva Zelanda, Reino Unido o Irlanda<\/strong> para j\u00f3venes de 8 a 19 a\u00f1os, en grupo y con monitor acompa\u00f1ante.<\/li>\n<li><strong>Cursos de idiomas individuales<\/strong> (clases, talleres, campamentos, deportes, programas acad\u00e9micos, voluntariado, rutas y otros idiomas\u2026) en el extranjero, dirigidos a los j\u00f3venes m\u00e1s aut\u00f3nomos de 10 a 19 a\u00f1os.<\/li>\n<li><strong>Programas de integraci\u00f3n escolar en todo el mundo para j\u00f3venes<\/strong>, desde un trimestre hasta un a\u00f1o acad\u00e9mico.<\/li>\n<li>Para adultos y j\u00f3venes a partir de 16 a\u00f1os ofrecemos <strong>programas cl\u00e1sicos y especializados<\/strong> (Gap Year \/ English for Work).<\/li>\n<\/ul>\n<p>Aqu\u00ed pod\u00e9is ver toda la informaci\u00f3n en la <a href=\"http:\/\/www.iccic.edu\/viatges\" target=\"_blank\" rel=\"noopener\">p\u00e1gina web<\/a>.<\/p>\n<p>[\/vc_column_text][\/vc_column_inner][\/vc_row_inner][\/vc_column][\/vc_row][vc_row][vc_column][vc_cta h2=\u00bb\u201cHablar\u201d un idioma es mucho m\u00e1s que dominar perfectamente una estructura ling\u00fc\u00edstica diferente: es, tambi\u00e9n, comunicar emociones, sentimientos, valores. Nuestro deseo es que nuestros estudiantes hablen.\u00bb txt_align=\u00bbcenter\u00bb css=\u00bb\u00bb][\/vc_cta][\/vc_column][\/vc_row][\/vc_section][vc_section full_width=\u00bbstretch_row\u00bb css=\u00bb.vc_custom_1778602159018{background-color: #EDEDED !important;}\u00bb][vc_row css=\u00bb.vc_custom_1778602210088{margin-bottom: 0px !important;padding-bottom: 0px !important;}\u00bb][vc_column]<div class=\"thim-widget-heading template-base\"><div class=\"sc_heading  text-center\"><h2 style=\"text-transform: uppercase;color:#0058A2;font-size:24px;font-weight:700;font-style:normal;\" class=\"title\">Cursos Intensivos de Ingl\u00e9s Verano 2026<\/h2><span style=\"background-color:#ECB82C\" class=\"line\"><\/span><\/div><\/div>[\/vc_column][\/vc_row][vc_row full_width=\u00bbstretch_row\u00bb equal_height=\u00bbyes\u00bb content_placement=\u00bbmiddle\u00bb][vc_column width=\u00bb1\/2&#8243;][vc_single_image image=\u00bb26736&#8243; img_size=\u00bbfull\u00bb alignment=\u00bbcenter\u00bb style=\u00bbvc_box_shadow\u00bb css=\u00bb.vc_custom_1778609939242{border-radius: 25px !important;}\u00bb][\/vc_column][vc_column width=\u00bb1\/2&#8243;][vc_column_text css=\u00bb\u00bb]<\/p>\n<div style=\"font-size: 120%;\">\n<ul>\n<li>Para juniors y j\u00f3venes<\/li>\n<li>Ingl\u00e9s para adultos<\/li>\n<li>Estancias ling\u00fc\u00edsticas en el extranjero<\/li>\n<\/ul>\n<p>Fechas de matriculaci\u00f3n: <strong>del 1 de abril al 2 de junio.<\/strong><\/p>\n<p>M\u00e1s informaci\u00f3n en el cat\u00e1logo de los cursos.<\/p>\n<p><a href=\"https:\/\/www.dropbox.com\/scl\/fi\/ybtcbdsd1v1l3f1pi415f\/CIC-Estiu-angles-2026-Escola-Meritxell-1.pdf?rlkey=6i0vzhfddan8tfw7w85sx5b92&amp;st=d303wq2h&amp;dl=0\" target=\"_blank\" rel=\"noreferrer noopener\">Cat\u00e1logo \u2013 Cursos Intensivos de Ingl\u00e9s &#8211; Verano 2026<\/a><br \/>\n<a href=\"https:\/\/www.dropbox.com\/scl\/fi\/h1hsp7s8zdr6hqazf1wr1\/Full-inscripcio-CIC-Estiu-26-1.pdf?rlkey=xtssqv2795612fbalvou8nd0w&amp;st=6vw3wzn5&amp;dl=0\" target=\"_blank\" rel=\"noreferrer noopener\">Hoja de inscripci\u00f3n.<\/a><\/p>\n<\/div>\n<p>[\/vc_column_text][\/vc_column][\/vc_row][\/vc_section]<\/p>\n<\/div>","protected":false},"excerpt":{"rendered":"<p>[vc_row][vc_column][vc_single_image image=\u00bb26734&#8243; img_size=\u00bbfull\u00bb alignment=\u00bbcenter\u00bb css=\u00bb\u00bb][\/vc_column][\/vc_row][vc_section full_width=\u00bbstretch_row\u00bb css=\u00bb.vc_custom_1778602159018{background-color: #EDEDED !important;}\u00bb][vc_row css=\u00bb.vc_custom_1778602210088{margin-bottom: 0px !important;padding-bottom: 0px !important;}\u00bb][vc_column][\/vc_column][\/vc_row][vc_row full_width=\u00bbstretch_row\u00bb equal_height=\u00bbyes\u00bb content_placement=\u00bbmiddle\u00bb][vc_column width=\u00bb1\/2&#8243;][vc_column_text css=\u00bb\u00bb]Escola Meritxell tiene un proyecto propio de aprendizaje del ingl\u00e9s pero en nuestra voluntad de buscar siempre la excelencia, tenemos un acuerdo de colaboraci\u00f3n con la Instituci\u00f3 Cultural del CIC, con el &hellip; <\/p>\n","protected":false},"author":2,"featured_media":16619,"parent":0,"menu_order":0,"comment_status":"closed","ping_status":"closed","template":"","meta":{"footnotes":""},"class_list":["post-16618","page","type-page","status-publish","has-post-thumbnail","hentry"],"_links":{"self":[{"href":"https:\/\/www.fundaciomeritxell.cat\/es\/wp-json\/wp\/v2\/pages\/16618","targetHints":{"allow":["GET"]}}],"collection":[{"href":"https:\/\/www.fundaciomeritxell.cat\/es\/wp-json\/wp\/v2\/pages"}],"about":[{"href":"https:\/\/www.fundaciomeritxell.cat\/es\/wp-json\/wp\/v2\/types\/page"}],"author":[{"embeddable":true,"href":"https:\/\/www.fundaciomeritxell.cat\/es\/wp-json\/wp\/v2\/users\/2"}],"replies":[{"embeddable":true,"href":"https:\/\/www.fundaciomeritxell.cat\/es\/wp-json\/wp\/v2\/comments?post=16618"}],"version-history":[{"count":6,"href":"https:\/\/www.fundaciomeritxell.cat\/es\/wp-json\/wp\/v2\/pages\/16618\/revisions"}],"predecessor-version":[{"id":26741,"href":"https:\/\/www.fundaciomeritxell.cat\/es\/wp-json\/wp\/v2\/pages\/16618\/revisions\/26741"}],"wp:featuredmedia":[{"embeddable":true,"href":"https:\/\/www.fundaciomeritxell.cat\/es\/wp-json\/wp\/v2\/media\/16619"}],"wp:attachment":[{"href":"https:\/\/www.fundaciomeritxell.cat\/es\/wp-json\/wp\/v2\/media?parent=16618"}],"curies":[{"name":"wp","href":"https:\/\/api.w.org\/{rel}","templated":true}]}}