{"id":16584,"date":"2021-03-22T17:30:03","date_gmt":"2021-03-22T15:30:03","guid":{"rendered":"https:\/\/www.fundaciomeritxell.cat\/?page_id=16584"},"modified":"2026-03-20T16:29:15","modified_gmt":"2026-03-20T14:29:15","slug":"doip","status":"publish","type":"page","link":"https:\/\/www.fundaciomeritxell.cat\/es\/doip\/","title":{"rendered":"DOIP"},"content":{"rendered":"<div class=\"wp-block-image\">\n<figure class=\"aligncenter size-full\"><img loading=\"lazy\" decoding=\"async\" width=\"1290\" height=\"450\" src=\"https:\/\/www.fundaciomeritxell.cat\/wp-content\/uploads\/2026\/03\/Matricula-2026-totes-etapes.png\" alt=\"\" class=\"wp-image-26290\" title=\"\" srcset=\"https:\/\/www.fundaciomeritxell.cat\/wp-content\/uploads\/2026\/03\/Matricula-2026-totes-etapes.png 1290w, https:\/\/www.fundaciomeritxell.cat\/wp-content\/uploads\/2026\/03\/Matricula-2026-totes-etapes-300x105.png 300w, https:\/\/www.fundaciomeritxell.cat\/wp-content\/uploads\/2026\/03\/Matricula-2026-totes-etapes-1024x357.png 1024w, https:\/\/www.fundaciomeritxell.cat\/wp-content\/uploads\/2026\/03\/Matricula-2026-totes-etapes-768x268.png 768w\" sizes=\"auto, (max-width: 1290px) 100vw, 1290px\" \/><\/figure>\n<\/div>\n\n\n<p>El Departamento Psicopedag\u00f3gico <strong>es un servicio que la escuela ofrece con el objetivo de atender a los alumnos<\/strong>, teniendo en cuenta la realidad espec\u00edfica de cada uno de ellos, y consider\u00e1ndolo dentro de su globalidad. El foco de la intervenci\u00f3n se centra en la prevenci\u00f3n y la ayuda a los padre, alumnado y profesorado, en sus respectivos d\u00eda a d\u00eda. Est\u00e1 formado por un equipo de psicopedagogas y psic\u00f3logas que <strong>tiene como finalidad contribuir al <a href=\"https:\/\/www.fundaciomeritxell.cat\/es\/escuela\/crecimiento-personal\/\" target=\"_blank\" rel=\"noreferrer noopener\">desarrollo personal<\/a>&nbsp;y social del alumnado<\/strong>, m\u00e1s all\u00e1 de la adquisici\u00f3n de conocimiento propios de las materias acad\u00e9micas.<\/p>\n\n\n\n<h2 class=\"wp-block-heading\">Miembros del Equipo Psicopedag\u00f3gico<\/h2>\n\n\n\n<p>\u2022 Roser Just (Psic\u00f2loga especialitzada en cl\u00ednica infantojuvenil. Cap del Departament d\u2019Orientaci\u00f3 i Intervenci\u00f3 Psicopedag\u00f2gica).<\/p>\n\n\n\n<p>\u2022 Esther Brecha (Psic\u00f2loga i psicopedagoga especialitzada en orientaci\u00f3 educativa i reeducaci\u00f3 psicopedag\u00f2gica).&nbsp;<\/p>\n\n\n\n<p>\u2022 Carla Aguilar (Pedagoga especialitzada en necessitats educatives especials i atenci\u00f3 preco\u00e7).<\/p>\n\n\n\n<p>\u2022 Mar\u00eda Llu\u00efsa Grimal (Fil\u00f2loga i logopeda).<\/p>\n\n\n\n<h2 class=\"wp-block-heading\">Las funciones del departamento<\/h2>\n\n\n\n<p>\u2022 <strong>Analizar y valorar<\/strong> a los chicos\/as que presentan dificultades o caracter\u00edsticas que pueden ralentizar su desarrollo, tanto a nivel escolar como personal.<\/p>\n\n\n\n<p>\u2022 <strong>Realizar evaluaciones<\/strong> psicopedag\u00f3gicas individuales y grupales (tests psicot\u00e9cnicos).<\/p>\n\n\n<div class=\"wp-block-image\">\n<figure class=\"alignleft is-resized\"><img loading=\"lazy\" decoding=\"async\" width=\"483\" height=\"448\" src=\"https:\/\/www.fundaciomeritxell.cat\/wp-content\/uploads\/2018\/11\/DOIP-Escola-Meritxell-Mataro-e1541533345632.jpg\" alt=\"Servei de Psicopedagogia Escola Meritxell de Matar\u00f3\" class=\"wp-image-11065\" style=\"width:318px;height:295px\" title=\"\" srcset=\"https:\/\/www.fundaciomeritxell.cat\/wp-content\/uploads\/2018\/11\/DOIP-Escola-Meritxell-Mataro-e1541533345632.jpg 483w, https:\/\/www.fundaciomeritxell.cat\/wp-content\/uploads\/2018\/11\/DOIP-Escola-Meritxell-Mataro-e1541533345632-300x278.jpg 300w\" sizes=\"auto, (max-width: 483px) 100vw, 483px\" \/><\/figure>\n<\/div>\n\n\n<p>\u2022 <strong>Orientar,&nbsp;asesorar y dar soporte al profesorado<\/strong>&nbsp;en los procesos de ense\u00f1anza-aprendizaje y a los alumnos con necesidades educativas especiales,&nbsp;tomando como referencia los aprendizajes curriculares y sus condicionantes.<\/p>\n\n\n\n<p>\u2022 Dar recursos y estrategias para&nbsp;<strong>atender a la diversidad<\/strong>.<\/p>\n\n\n\n<p>\u2022 Asesorar en la realizaci\u00f3n de &nbsp;planes individualizados. Dise\u00f1ar acciones encaminadas a la <strong>prevenci\u00f3n de dificultades de aprendizaje de los alumnos<\/strong>.<\/p>\n\n\n\n<p>\u2022 Derivar los casos de psicoterapia (trastornos psicol\u00f3gicos o neuropsicol\u00f3gicos),&nbsp;si es necesario,&nbsp;a otros centros o&nbsp; profesionales externos, ya que estos diagn\u00f3sticos y tratamientos no pueden realizarse dentro del \u00e1mbito escolar.<\/p>\n\n\n\n<p>\u2022 Hacer<strong>&nbsp;un seguimento con los diferentes profesionales y especialistas<\/strong> que trabajan con los alumnos fuera del horario escolar,&nbsp;con el objectivo de compartir informaci\u00f3n y unificar actuaciones respecto de estos alumnos.<\/p>\n\n\n\n<div class=\"wp-block-columns is-layout-flex wp-container-core-columns-is-layout-9d6595d7 wp-block-columns-is-layout-flex\">\n<div class=\"wp-block-column is-layout-flow wp-block-column-is-layout-flow\">\n<p class=\"has-text-align-center\">\u00adEAP (Departament d\u2019Ensenyament)<\/p>\n\n\n\n<p class=\"has-text-align-center\">\u00adTrabajador social de la Diputaci\u00f3 \u00ad<\/p>\n\n\n\n<p class=\"has-text-align-center\">CSMIJ (Hospital de Matar\u00f3) \u00ad<\/p>\n\n\n\n<p class=\"has-text-align-center\">Centre obert (Matar\u00f3)<\/p>\n<\/div>\n\n\n\n<div class=\"wp-block-column is-layout-flow wp-block-column-is-layout-flow\">\n<p class=\"has-text-align-center\">CREDA (Servei de logop\u00e8dia per a nens amb problemes auditius)<\/p>\n\n\n\n<p class=\"has-text-align-center\">Psic\u00f3logos particulares<\/p>\n\n\n\n<p class=\"has-text-align-center\">Logopedas particulares<\/p>\n<\/div>\n<\/div>\n\n\n<div class=\"wp-block-image\">\n<figure class=\"alignright is-resized\"><a href=\"https:\/\/www.fundaciomeritxell.cat\/wp-content\/uploads\/2018\/11\/Les-emocions-DOIP-Escola-Meritxell.jpg\" target=\"_blank\" rel=\"noreferrer noopener\"><img loading=\"lazy\" decoding=\"async\" width=\"566\" height=\"857\" src=\"https:\/\/www.fundaciomeritxell.cat\/wp-content\/uploads\/2018\/11\/Les-emocions-DOIP-Escola-Meritxell.jpg\" alt=\"\" class=\"wp-image-11066\" style=\"width:242px;height:366px\" title=\"\" srcset=\"https:\/\/www.fundaciomeritxell.cat\/wp-content\/uploads\/2018\/11\/Les-emocions-DOIP-Escola-Meritxell.jpg 566w, https:\/\/www.fundaciomeritxell.cat\/wp-content\/uploads\/2018\/11\/Les-emocions-DOIP-Escola-Meritxell-198x300.jpg 198w\" sizes=\"auto, (max-width: 566px) 100vw, 566px\" \/><\/a><\/figure>\n<\/div>\n\n\n<p>\u2022 <strong>Realizar entrevistas con los padres y tutores<\/strong> de los alumnos sobre la problem\u00e1tica espec\u00edfica, y orientarlos en lo referente a la terapia a seguir.<\/p>\n\n\n\n<p>\u2022 Entrevistas puntuales con algunos alumnos de <a href=\"https:\/\/www.fundaciomeritxell.cat\/es\/primaria\/\" target=\"_blank\" rel=\"noreferrer noopener\">Primaria<\/a> ,&nbsp;<a href=\"https:\/\/www.fundaciomeritxell.cat\/es\/secundaria-2\/\" target=\"_blank\" rel=\"noreferrer noopener\">ESO<\/a>&nbsp;y&nbsp;<a href=\"https:\/\/www.fundaciomeritxell.cat\/es\/bachillerato\/\" target=\"_blank\" rel=\"noreferrer noopener\">Bachillerato<\/a>.<\/p>\n\n\n\n<p>\u2022 Dar soporte a los profesores y&nbsp;<strong>alumnos reci\u00e9n llegados<\/strong>.<\/p>\n\n\n\n<p>\u2022 Trabajar en grupos peque\u00f1os de alumnos para ayudarlos en el proceso de aprendizaje.<\/p>\n\n\n\n<h2 class=\"wp-block-heading\">Metodolog\u00eda<\/h2>\n\n\n\n<p>El profesor detecta las dificultades del alumno, lo comenta con la fam\u00edlia y cursa la solicitud al departamento,&nbsp;el cual hace la oportuna valoraci\u00f3n del alumno y la traslada al tutor y a la familia. A partir de aqu\u00ed se plantea si se debe trabajar en peque\u00f1os grupos (refuerzo).<\/p>\n\n\n\n<h2 class=\"wp-block-heading\">C\u00f3mo contactar con nosotros?<\/h2>\n\n\n\n<p>\u2192 A trav\u00e9s del tutor del alumno\/a.<\/p>\n\n\n\n<p>\u2192 Llamando directamente a la escuela al n\u00famero&nbsp;937 556 550<\/p>\n","protected":false},"excerpt":{"rendered":"<p>El Departamento Psicopedag\u00f3gico es un servicio que la escuela ofrece con el objetivo de atender a los alumnos, teniendo en cuenta la realidad espec\u00edfica de cada uno de ellos, y consider\u00e1ndolo dentro de su globalidad. El foco de la intervenci\u00f3n &hellip; <\/p>\n","protected":false},"author":2,"featured_media":0,"parent":0,"menu_order":0,"comment_status":"closed","ping_status":"closed","template":"","meta":{"footnotes":""},"class_list":["post-16584","page","type-page","status-publish","hentry"],"_links":{"self":[{"href":"https:\/\/www.fundaciomeritxell.cat\/es\/wp-json\/wp\/v2\/pages\/16584","targetHints":{"allow":["GET"]}}],"collection":[{"href":"https:\/\/www.fundaciomeritxell.cat\/es\/wp-json\/wp\/v2\/pages"}],"about":[{"href":"https:\/\/www.fundaciomeritxell.cat\/es\/wp-json\/wp\/v2\/types\/page"}],"author":[{"embeddable":true,"href":"https:\/\/www.fundaciomeritxell.cat\/es\/wp-json\/wp\/v2\/users\/2"}],"replies":[{"embeddable":true,"href":"https:\/\/www.fundaciomeritxell.cat\/es\/wp-json\/wp\/v2\/comments?post=16584"}],"version-history":[{"count":4,"href":"https:\/\/www.fundaciomeritxell.cat\/es\/wp-json\/wp\/v2\/pages\/16584\/revisions"}],"predecessor-version":[{"id":26291,"href":"https:\/\/www.fundaciomeritxell.cat\/es\/wp-json\/wp\/v2\/pages\/16584\/revisions\/26291"}],"wp:attachment":[{"href":"https:\/\/www.fundaciomeritxell.cat\/es\/wp-json\/wp\/v2\/media?parent=16584"}],"curies":[{"name":"wp","href":"https:\/\/api.w.org\/{rel}","templated":true}]}}