{"id":16569,"date":"2021-03-22T17:11:12","date_gmt":"2021-03-22T15:11:12","guid":{"rendered":"https:\/\/www.fundaciomeritxell.cat\/?page_id=16569"},"modified":"2021-03-25T09:56:50","modified_gmt":"2021-03-25T07:56:50","slug":"comedor","status":"publish","type":"page","link":"https:\/\/www.fundaciomeritxell.cat\/es\/comedor\/","title":{"rendered":"Comedor"},"content":{"rendered":"\n<p>Cocina y Cafeter\u00eda &#8211; Escuela Meritxell<\/p>\n\n\n\n<p>La cocina es propia. La Escuela tiene todas las instalaciones necesarias para preparar y cocinar los alimentos que se sirven a los alumnos.<\/p>\n\n\n\n<p>Se trata de una cocina muy natural y variada, donde se da preferencia a los productos de temporada siempre que la oferta lo permita. Nuestras carnes picadas no tienen ning\u00fan aditivo. Introducimos productos ecol\u00f3gicos, como por ejemplo el pan, la carne de ternera, los yogurts, la fruta y los macarrones. Queremos que nuestros alumnos lleven una dieta equilibrada, pero ense\u00f1\u00e1ndoles a distinguir los diferentes aromas, texturas, gustos y colores de los alimentos. Todo ello siguiendo estrictamente las recomendaciones del Instituto de Asesoramiento Diet\u00e9tico y Nutricional (IADIN), el organismo encargado de elaborar cada trimestre un informe sobre la calidad y cantidad de los men\u00fas. Este organismo es tambi\u00e9n nuestro asesor en las dietas especiales por intolerancias o alergias, contempladas siempre en todos los men\u00fas que elaboramos en el centro.<\/p>\n\n\n\n<p>Adicionalmente, y ante cualquier duda, las familias tienen la posibilidad de consultarnos a trav\u00e9s del correo electr\u00f3nico.<\/p>\n\n\n\n<p>Disponemos tambi\u00e9n de una Cafeter\u00eda en el Edificio de Bachillerato, que est\u00e1 abierta desde las 8:30h hasta las 16:30 h, ininterrumpidamente. Un edificio muy agradable, con unas maravillosas vistas de Matar\u00f3 y del litoral que nos rodea, donde podemos tomar un caf\u00e9, almorzar tranquilamente o comer al mediod\u00eda un plato combinado o el men\u00fa diario que se realiza en la Escuela.<\/p>\n","protected":false},"excerpt":{"rendered":"<p>Cocina y Cafeter\u00eda &#8211; Escuela Meritxell La cocina es propia. La Escuela tiene todas las instalaciones necesarias para preparar y cocinar los alimentos que se sirven a los alumnos. Se trata de una cocina muy natural y variada, donde se &hellip; <\/p>\n","protected":false},"author":2,"featured_media":16571,"parent":0,"menu_order":0,"comment_status":"closed","ping_status":"closed","template":"","meta":{"footnotes":""},"class_list":["post-16569","page","type-page","status-publish","has-post-thumbnail","hentry"],"_links":{"self":[{"href":"https:\/\/www.fundaciomeritxell.cat\/es\/wp-json\/wp\/v2\/pages\/16569","targetHints":{"allow":["GET"]}}],"collection":[{"href":"https:\/\/www.fundaciomeritxell.cat\/es\/wp-json\/wp\/v2\/pages"}],"about":[{"href":"https:\/\/www.fundaciomeritxell.cat\/es\/wp-json\/wp\/v2\/types\/page"}],"author":[{"embeddable":true,"href":"https:\/\/www.fundaciomeritxell.cat\/es\/wp-json\/wp\/v2\/users\/2"}],"replies":[{"embeddable":true,"href":"https:\/\/www.fundaciomeritxell.cat\/es\/wp-json\/wp\/v2\/comments?post=16569"}],"version-history":[{"count":0,"href":"https:\/\/www.fundaciomeritxell.cat\/es\/wp-json\/wp\/v2\/pages\/16569\/revisions"}],"wp:featuredmedia":[{"embeddable":true,"href":"https:\/\/www.fundaciomeritxell.cat\/es\/wp-json\/wp\/v2\/media\/16571"}],"wp:attachment":[{"href":"https:\/\/www.fundaciomeritxell.cat\/es\/wp-json\/wp\/v2\/media?parent=16569"}],"curies":[{"name":"wp","href":"https:\/\/api.w.org\/{rel}","templated":true}]}}