{"id":16327,"date":"2017-02-16T23:13:31","date_gmt":"2017-02-16T22:13:31","guid":{"rendered":"https:\/\/www.fundaciomeritxell.cat\/?page_id=16327"},"modified":"2022-03-22T11:51:37","modified_gmt":"2022-03-22T09:51:37","slug":"crecimiento-personal","status":"publish","type":"page","link":"https:\/\/www.fundaciomeritxell.cat\/es\/escuela\/crecimiento-personal\/","title":{"rendered":"Crecimiento Personal"},"content":{"rendered":"<div class=\"wpb-content-wrapper\"><p>[vc_row][vc_column][vc_single_image image=\u00bb17692&#8243; img_size=\u00bbfull\u00bb alignment=\u00bbcenter\u00bb][vc_separator color=\u00bbcustom\u00bb accent_color=\u00bb#0062ad\u00bb][vc_custom_heading text=\u00bb\u201cAcompa\u00f1amos al alumno en su desarrollo emocional, social, intelectual y acad\u00e9mico desde la proximidad del d\u00eda a d\u00eda\u201c\u00bb font_container=\u00bbtag:h2|text_align:center\u00bb use_theme_fonts=\u00bbyes\u00bb][vc_separator color=\u00bbcustom\u00bb accent_color=\u00bb#0062ad\u00bb]<div class=\"thim-widget-heading template-base\"><div class=\"sc_heading  \"><h3 style=\"text-transform: uppercase;\" class=\"title\"> <span class=\"thim-color\">\u00bfC\u00f3mo lo hacemos?<\/span><\/h3><span style=\"background-color:#0062ad\" class=\"line\"><\/span><\/div><\/div>[\/vc_column][\/vc_row][vc_row content_placement=\u00bbmiddle\u00bb][vc_column width=\u00bb1\/4&#8243;]<div class=\"vc-extral_class wpb_animate_when_almost_visible wpb_flipInX flipInX\"><div class=\"thim-widget-image-box template-image-box\">\n\t<div class=\"thim-image-box layout-base\">\n\t\t<img loading=\"lazy\" decoding=\"async\" src=\"https:\/\/www.fundaciomeritxell.cat\/wp-content\/uploads\/2018\/11\/DOIP-Escola-Meritxell-Mataro-e1541533345632.jpg\" alt=\"Servei de Psicopedagogia Escola Meritxell de Matar\u00f3\" width=\"483\" height=\"448\" title=\"\">\t\t<div class=\"title\">\n\t\t\t<h3><\/h3>\n\t\t<\/div>\n\t<\/div>\n<\/div><\/div>[\/vc_column][vc_column width=\u00bb3\/4&#8243;][vc_column_text]<\/p>\n<p style=\"font-size: 18px;\">Entendiendo que la\u00a0<strong>proximidad tanto f\u00edsica como emocional<\/strong>\u00a0es una pieza clave para que tanto el alumno como su familia se sientan acompa\u00f1ados tanto en los momentos m\u00e1s felices como en los momentos de mayor dificultad.<\/p>\n<p style=\"font-size: 18px;\">Haciendo real la\u00a0<strong>atenci\u00f3n personalizada de cada alumno<\/strong>\u00a0a trav\u00e9s de estrategias como los desdoblamientos o agrupaciones tripartitas que permiten llegar m\u00e1s f\u00e1cilmente a las necesidades reales de todos ellos, y la intervenci\u00f3n psicopedag\u00f3gica y psicol\u00f3gica cuando es necesario.<\/p>\n<p>[\/vc_column_text][\/vc_column][\/vc_row][vc_row full_width=\u00bbstretch_row\u00bb equal_height=\u00bbyes\u00bb content_placement=\u00bbmiddle\u00bb css=\u00bb.vc_custom_1647867906390{background-color: rgba(0,98,173,0.69) !important;*background-color: rgb(0,98,173) !important;}\u00bb][vc_column width=\u00bb2\/3&#8243;][vc_column_text]<\/p>\n<h4 style=\"text-align: center; line-height: 2em;\"><span style=\"color: #ffffff;\">Facilitando al alumno instrumentos y\u00a0<strong>estrategias de auto-superaci\u00f3n, de autoconfianza y de afrontamiento de retos\u00a0<\/strong>para fortalecer su autoestima manteniendo un escrupuloso respeto por los dem\u00e1s y por su entorno.<\/span><\/h4>\n<p>[\/vc_column_text][\/vc_column][vc_column width=\u00bb1\/3&#8243;]<div class=\"vc-extral_class wpb_animate_when_almost_visible wpb_lightSpeedIn lightSpeedIn\"><div class=\"thim-widget-image-box template-image-box\">\n\t<div class=\"thim-image-box layout-base\">\n\t\t<img loading=\"lazy\" decoding=\"async\" src=\"https:\/\/www.fundaciomeritxell.cat\/wp-content\/uploads\/2018\/07\/Batxillerat-Escola-Meritxell-Presentacions.jpg\" alt=\"Presentacions en p\u00fablic a una classe de Batxillerat Escola Meritxell de Matar\u00f3\" width=\"900\" height=\"506\" title=\"\">\t\t<div class=\"title\">\n\t\t\t<h3><\/h3>\n\t\t<\/div>\n\t<\/div>\n<\/div><\/div>[vc_empty_space][\/vc_column][\/vc_row][vc_row equal_height=\u00bbyes\u00bb content_placement=\u00bbmiddle\u00bb][vc_column width=\u00bb1\/4&#8243;]<div class=\"thim-widget-image-box template-image-box\">\n\t<div class=\"thim-image-box layout-base\">\n\t\t<img loading=\"lazy\" decoding=\"async\" src=\"https:\/\/www.fundaciomeritxell.cat\/wp-content\/uploads\/2019\/11\/JAO-2.jpg\" alt=\"JAO-2\" width=\"595\" height=\"576\" title=\"\">\t\t<div class=\"title\">\n\t\t\t<h3><\/h3>\n\t\t<\/div>\n\t<\/div>\n<\/div>[\/vc_column][vc_column width=\u00bb3\/4&#8243;][vc_column_text]<\/p>\n<p style=\"font-size: 18px; text-align: center;\">Entendiendo la\u00a0<strong>acci\u00f3n tutorial<\/strong>\u00a0como un pilar fundamental de referencia para el crecimiento y desarrollo de nuestros ni\u00f1os y j\u00f3venes.<\/p>\n<p>[\/vc_column_text][vc_column_text css=\u00bb.vc_custom_1647940694249{padding-top: 30px !important;padding-right: 30px !important;padding-bottom: 30px !important;padding-left: 30px !important;background-color: #e8e8e8 !important;}\u00bb]<\/p>\n<p style=\"font-size: 20px; text-align: center;\">Estableciendo y utilizando\u00a0<strong>canales de comunicaci\u00f3n<\/strong>\u00a0permanentes entre las familias y la escuela.<\/p>\n<p>[\/vc_column_text][\/vc_column][\/vc_row]<\/p>\n<\/div>","protected":false},"excerpt":{"rendered":"<p>[vc_row][vc_column][vc_single_image image=\u00bb17692&#8243; img_size=\u00bbfull\u00bb alignment=\u00bbcenter\u00bb][vc_separator color=\u00bbcustom\u00bb accent_color=\u00bb#0062ad\u00bb][vc_custom_heading text=\u00bb\u201cAcompa\u00f1amos al alumno en su desarrollo emocional, social, intelectual y acad\u00e9mico desde la proximidad del d\u00eda a d\u00eda\u201c\u00bb font_container=\u00bbtag:h2|text_align:center\u00bb use_theme_fonts=\u00bbyes\u00bb][vc_separator color=\u00bbcustom\u00bb accent_color=\u00bb#0062ad\u00bb][\/vc_column][\/vc_row][vc_row content_placement=\u00bbmiddle\u00bb][vc_column width=\u00bb1\/4&#8243;][\/vc_column][vc_column width=\u00bb3\/4&#8243;][vc_column_text] Entendiendo que la\u00a0proximidad tanto f\u00edsica como emocional\u00a0es una pieza &hellip; <\/p>\n","protected":false},"author":2,"featured_media":0,"parent":16309,"menu_order":0,"comment_status":"closed","ping_status":"closed","template":"","meta":{"footnotes":""},"class_list":["post-16327","page","type-page","status-publish","hentry"],"_links":{"self":[{"href":"https:\/\/www.fundaciomeritxell.cat\/es\/wp-json\/wp\/v2\/pages\/16327","targetHints":{"allow":["GET"]}}],"collection":[{"href":"https:\/\/www.fundaciomeritxell.cat\/es\/wp-json\/wp\/v2\/pages"}],"about":[{"href":"https:\/\/www.fundaciomeritxell.cat\/es\/wp-json\/wp\/v2\/types\/page"}],"author":[{"embeddable":true,"href":"https:\/\/www.fundaciomeritxell.cat\/es\/wp-json\/wp\/v2\/users\/2"}],"replies":[{"embeddable":true,"href":"https:\/\/www.fundaciomeritxell.cat\/es\/wp-json\/wp\/v2\/comments?post=16327"}],"version-history":[{"count":0,"href":"https:\/\/www.fundaciomeritxell.cat\/es\/wp-json\/wp\/v2\/pages\/16327\/revisions"}],"up":[{"embeddable":true,"href":"https:\/\/www.fundaciomeritxell.cat\/es\/wp-json\/wp\/v2\/pages\/16309"}],"wp:attachment":[{"href":"https:\/\/www.fundaciomeritxell.cat\/es\/wp-json\/wp\/v2\/media?parent=16327"}],"curies":[{"name":"wp","href":"https:\/\/api.w.org\/{rel}","templated":true}]}}