{"id":16321,"date":"2017-02-16T23:05:03","date_gmt":"2017-02-16T22:05:03","guid":{"rendered":"https:\/\/www.fundaciomeritxell.cat\/?page_id=16321"},"modified":"2022-03-22T10:56:04","modified_gmt":"2022-03-22T08:56:04","slug":"innovacion-educativa","status":"publish","type":"page","link":"https:\/\/www.fundaciomeritxell.cat\/es\/escuela\/innovacion-educativa\/","title":{"rendered":"Innovaci\u00f3n educativa"},"content":{"rendered":"<div class=\"wpb-content-wrapper\"><p>[vc_row][vc_column][vc_single_image image=\u00bb17664&#8243; img_size=\u00bbfull\u00bb alignment=\u00bbcenter\u00bb][vc_separator color=\u00bbcustom\u00bb accent_color=\u00bb#0062ad\u00bb][vc_custom_heading text=\u00bb\u201cInnovamos como estrategia para mejorar constantemente\u201c\u00bb font_container=\u00bbtag:h2|text_align:center\u00bb use_theme_fonts=\u00bbyes\u00bb css=\u00bb.vc_custom_1647938088986{padding-bottom: 15px !important;}\u00bb][vc_separator color=\u00bbcustom\u00bb accent_color=\u00bb#0062ad\u00bb]<div class=\"thim-widget-heading template-base\"><div class=\"sc_heading  \"><h3 style=\"text-transform: uppercase;\" class=\"title\"> <span class=\"thim-color\">\u00bfC\u00f3mo lo hacemos?<\/span><\/h3><span style=\"background-color:#0062ad\" class=\"line\"><\/span><\/div><\/div>[\/vc_column][\/vc_row][vc_row][vc_column width=\u00bb1\/2&#8243;][vc_column_text]Entendiendo la\u00a0<strong>creatividad y el emprendimiento\u00a0<\/strong>como una actitud ante la vida.<\/p>\n<p>Utilizando la metodolog\u00eda del\u00a0<strong>Aprendizaje Basado en Problemas<\/strong>\u00a0desde enfoques multidisciplinares.<\/p>\n<p>Situando el alumno como\u00a0<strong>protagonista de su propio proceso<\/strong>\u00a0de aprendizaje.<\/p>\n<p>Aprovechando el efecto multiplicador que tiene el\u00a0<strong>trabajo en equipo<\/strong>\u00a0en la consolidaci\u00f3n de los aprendizajes.[\/vc_column_text][\/vc_column][vc_column width=\u00bb1\/2&#8243;][vc_single_image image=\u00bb10881&#8243; img_size=\u00bbfull\u00bb alignment=\u00bbcenter\u00bb][\/vc_column][\/vc_row][vc_row full_width=\u00bbstretch_row\u00bb css=\u00bb.vc_custom_1647866631260{background-color: rgba(255,184,40,0.79) !important;*background-color: rgb(255,184,40) !important;}\u00bb][vc_column width=\u00bb1\/4&#8243;][vc_single_image image=\u00bb16825&#8243; img_size=\u00bbfull\u00bb alignment=\u00bbcenter\u00bb][\/vc_column][vc_column width=\u00bb3\/4&#8243;][vc_column_text]<\/p>\n<div style=\"font-size: 18px;\">\n<p>Introduciendo\u00a0<strong>nuevas metodolog\u00edas<\/strong>\u00a0adaptadas a las nuevas maneras de aprender.<\/p>\n<p>Aprendiendo a\u00a0<strong>adaptarnos de manera constante a los nuevos retos<\/strong>\u00a0que vivimos actualmente y los que, a\u00fan desconocidos, viviremos en el futuro.<\/p>\n<p>Dise\u00f1ando\u00a0<strong>nuevos materiales<\/strong>\u00a0adaptados a un nuevo sistema de ense\u00f1anza.<\/p>\n<p>Utilizando los\u00a0<strong>recursos tecnol\u00f3gicos<\/strong>\u00a0que nos permiten acceder al conocimiento de una forma m\u00e1s global, actualizada y adaptada a los nuevos retos.<\/p>\n<\/div>\n<p>[\/vc_column_text][\/vc_column][\/vc_row][vc_row content_placement=\u00bbmiddle\u00bb][vc_column width=\u00bb2\/3&#8243;][vc_column_text]<\/p>\n<p style=\"font-size: 20px;\">Investigando\u00a0<strong>fen\u00f3menos sociales y naturales que afectan al d\u00eda a d\u00eda<\/strong>\u00a0del alumno con el fin de comprenderlos y acercarse a ellos de forma cr\u00edtica e inteligente.<\/p>\n<p style=\"font-size: 20px;\">Reflexionando sobre las consecuencias de las posibles decisiones y tomando la\u00a0<strong>mejor decisi\u00f3n en cada situaci\u00f3n<\/strong>\u00a0y contexto.<\/p>\n<p>[\/vc_column_text][\/vc_column][vc_column width=\u00bb1\/3&#8243;][vc_single_image image=\u00bb14304&#8243; img_size=\u00bbfull\u00bb alignment=\u00bbcenter\u00bb style=\u00bbvc_box_rounded\u00bb][\/vc_column][\/vc_row]<\/p>\n<\/div>","protected":false},"excerpt":{"rendered":"<p>[vc_row][vc_column][vc_single_image image=\u00bb17664&#8243; img_size=\u00bbfull\u00bb alignment=\u00bbcenter\u00bb][vc_separator color=\u00bbcustom\u00bb accent_color=\u00bb#0062ad\u00bb][vc_custom_heading text=\u00bb\u201cInnovamos como estrategia para mejorar constantemente\u201c\u00bb font_container=\u00bbtag:h2|text_align:center\u00bb use_theme_fonts=\u00bbyes\u00bb css=\u00bb.vc_custom_1647938088986{padding-bottom: 15px !important;}\u00bb][vc_separator color=\u00bbcustom\u00bb accent_color=\u00bb#0062ad\u00bb][\/vc_column][\/vc_row][vc_row][vc_column width=\u00bb1\/2&#8243;][vc_column_text]Entendiendo la\u00a0creatividad y el emprendimiento\u00a0como una actitud ante la vida. Utilizando la metodolog\u00eda del\u00a0Aprendizaje Basado en Problemas\u00a0desde enfoques multidisciplinares. Situando el alumno como\u00a0protagonista de su propio proceso\u00a0de aprendizaje. Aprovechando el efecto &hellip; <\/p>\n","protected":false},"author":2,"featured_media":19195,"parent":16309,"menu_order":0,"comment_status":"closed","ping_status":"closed","template":"","meta":{"rs_blank_template":"","rs_page_bg_color":"","slide_template_v7":"","footnotes":""},"class_list":["post-16321","page","type-page","status-publish","has-post-thumbnail","hentry"],"_links":{"self":[{"href":"https:\/\/www.fundaciomeritxell.cat\/es\/wp-json\/wp\/v2\/pages\/16321","targetHints":{"allow":["GET"]}}],"collection":[{"href":"https:\/\/www.fundaciomeritxell.cat\/es\/wp-json\/wp\/v2\/pages"}],"about":[{"href":"https:\/\/www.fundaciomeritxell.cat\/es\/wp-json\/wp\/v2\/types\/page"}],"author":[{"embeddable":true,"href":"https:\/\/www.fundaciomeritxell.cat\/es\/wp-json\/wp\/v2\/users\/2"}],"replies":[{"embeddable":true,"href":"https:\/\/www.fundaciomeritxell.cat\/es\/wp-json\/wp\/v2\/comments?post=16321"}],"version-history":[{"count":0,"href":"https:\/\/www.fundaciomeritxell.cat\/es\/wp-json\/wp\/v2\/pages\/16321\/revisions"}],"up":[{"embeddable":true,"href":"https:\/\/www.fundaciomeritxell.cat\/es\/wp-json\/wp\/v2\/pages\/16309"}],"wp:featuredmedia":[{"embeddable":true,"href":"https:\/\/www.fundaciomeritxell.cat\/es\/wp-json\/wp\/v2\/media\/19195"}],"wp:attachment":[{"href":"https:\/\/www.fundaciomeritxell.cat\/es\/wp-json\/wp\/v2\/media?parent=16321"}],"curies":[{"name":"wp","href":"https:\/\/api.w.org\/{rel}","templated":true}]}}