{"id":16309,"date":"2021-03-17T13:09:42","date_gmt":"2021-03-17T11:09:42","guid":{"rendered":"https:\/\/www.fundaciomeritxell.cat\/?page_id=16309"},"modified":"2025-06-26T08:55:41","modified_gmt":"2025-06-26T06:55:41","slug":"escuela","status":"publish","type":"page","link":"https:\/\/www.fundaciomeritxell.cat\/es\/escuela\/","title":{"rendered":"ESCUELA"},"content":{"rendered":"\n<h2 class=\"wp-block-heading has-text-align-center\">PROYECTO EDUCATIVO DE CENTRO (PEC)<\/h2>\n\n\n<div class=\"wp-block-image is-style-default\">\n<figure class=\"aligncenter size-large is-resized\"><img loading=\"lazy\" decoding=\"async\" width=\"844\" height=\"391\" src=\"https:\/\/www.fundaciomeritxell.cat\/wp-content\/uploads\/2021\/03\/Logo-Escola-Meritxell-claim.jpg\" alt=\"\" class=\"wp-image-16402\" style=\"width:299px;height:138px\" title=\"\" srcset=\"https:\/\/www.fundaciomeritxell.cat\/wp-content\/uploads\/2021\/03\/Logo-Escola-Meritxell-claim.jpg 844w, https:\/\/www.fundaciomeritxell.cat\/wp-content\/uploads\/2021\/03\/Logo-Escola-Meritxell-claim-300x139.jpg 300w, https:\/\/www.fundaciomeritxell.cat\/wp-content\/uploads\/2021\/03\/Logo-Escola-Meritxell-claim-768x356.jpg 768w\" sizes=\"auto, (max-width: 844px) 100vw, 844px\" \/><\/figure>\n<\/div>\n\n\n<h2 class=\"wp-block-heading\">Visi\u00f3n:<\/h2>\n\n\n\n<h4 class=\"wp-block-heading\">Ser una escuela referente en el Maresme, con un equipo comprometido que potencie al alumno para llegar lejos, tan lejos como quiera.<\/h4>\n\n\n\n<h2 class=\"wp-block-heading\">Misi\u00f3n:<\/h2>\n\n\n\n<h4 class=\"wp-block-heading\">La Fundaci\u00f3 Meritxell es una escuela orientada al desarrollo educativo y personal de cada alumno desde la Educaci\u00f3n Infantil hasta la Universidad, con el fin de acompa\u00f1arlo y potenciar sus capacidades, generando y compartiendo valores, para ser competente en una sociedad cambiante y globalizada, para llegar lejos, tan lejos como quiera.<\/h4>\n\n\n\n<hr class=\"wp-block-separator has-css-opacity is-style-wide\"\/>\n\n\n\n<h2 class=\"wp-block-heading\">Definici\u00f3n institucional: identidad del centro y car\u00e1cter propio<\/h2>\n\n\n\n<hr class=\"wp-block-separator has-css-opacity is-style-wide\"\/>\n\n\n\n<h3 class=\"wp-block-heading\">Definici\u00f3n de escuela<\/h3>\n\n\n<div class=\"wp-block-image is-style-default\">\n<figure class=\"alignright is-resized\"><a href=\"https:\/\/www.fundaciomeritxell.cat\/wp-content\/uploads\/2015\/04\/DSC01664.jpg\" target=\"_blank\" rel=\"noreferrer noopener\"><img loading=\"lazy\" decoding=\"async\" width=\"1365\" height=\"1024\" src=\"https:\/\/www.fundaciomeritxell.cat\/wp-content\/uploads\/2015\/04\/DSC01664.jpg\" alt=\"\" class=\"wp-image-6721\" style=\"width:411px;height:308px\" title=\"\" srcset=\"https:\/\/www.fundaciomeritxell.cat\/wp-content\/uploads\/2015\/04\/DSC01664.jpg 1365w, https:\/\/www.fundaciomeritxell.cat\/wp-content\/uploads\/2015\/04\/DSC01664-600x450.jpg 600w, https:\/\/www.fundaciomeritxell.cat\/wp-content\/uploads\/2015\/04\/DSC01664-300x225.jpg 300w, https:\/\/www.fundaciomeritxell.cat\/wp-content\/uploads\/2015\/04\/DSC01664-1024x768.jpg 1024w, https:\/\/www.fundaciomeritxell.cat\/wp-content\/uploads\/2015\/04\/DSC01664-768x576.jpg 768w\" sizes=\"auto, (max-width: 1365px) 100vw, 1365px\" \/><\/a><\/figure>\n<\/div>\n\n\n<p>La Escola Meritxell&nbsp;es una entidad privada arraigada a la realidad sociocultural de Catalunya, de ense\u00f1anza mixta en todos sus niveles, de formaci\u00f3n integral para la vida, y fundamentada en los siguientes valores:<\/p>\n\n\n\n<ul class=\"wp-block-list\">\n<li><strong>Valores universales<\/strong>: paz, generosidad, tolerancia y honestidad.<\/li>\n\n\n\n<li><strong>Valores sociales<\/strong>: democracia, respeto y dialogo.<\/li>\n\n\n\n<li><strong>Valores individuales<\/strong>: libertad, sinceridad, sentido cr\u00edtico, sentido del humor y esfuerzo personal.<\/li>\n\n\n\n<li><strong>Valores tradicionales<\/strong>: responsabilidad, fam\u00edlia y la civilidad.<\/li>\n<\/ul>\n\n\n\n<h3 class=\"wp-block-heading\">Principios rectores<\/h3>\n\n\n\n<p>La Escola Meritxell se rige por los siguiente principios que impregnan todas sus pol\u00edticas:<\/p>\n\n\n\n<ul class=\"wp-block-list\">\n<li><strong>El pluralismo y los valores democr\u00e1ticos<\/strong>. Partiendo de la realidad de una sociedad plural en el terreno de las ideas pol\u00edticas, de las tareas sociales y de las situaciones econ\u00f3micas, la Escuela orienta y ayuda a los alumnos en el dif\u00edcil aprendizaje de la aceptaci\u00f3n mutua, de la tolerancia, del compromiso y de la expresi\u00f3n de las propias ideas sin dogmatismos ni imposiciones arbitrarias.<\/li>\n\n\n\n<li><strong>La coeducaci\u00f3n<\/strong>. La Escuela velar\u00e1 por la creaci\u00f3n, entre profesorado y alumnado, de un clima de respeto a las diferencias de g\u00e9nero, y tendr\u00e1 cuidado para evitar cualquier manifestaci\u00f3n de car\u00e1cter sexista.<\/li>\n\n\n\n<li><strong>La educaci\u00f3n en la libertad y para la libertad<\/strong>. La formaci\u00f3n de personas libres constituye uno de los objetivos esenciales de nuestro modelo educativo.<\/li>\n\n\n\n<li><strong>La educaci\u00f3n para la justicia y la solidaridad<\/strong>. La Escuela colabora, positivamente, en la educaci\u00f3n para la justicia, provocando la reflexi\u00f3n cr\u00edtica sobre las realidades de injusticia con los dem\u00e1s.<\/li>\n\n\n\n<li><strong>La educaci\u00f3n para la convivencia y la paz<\/strong>, mediante la educaci\u00f3n en la aceptaci\u00f3n de aquellos que no comparten nuestras ideas, el reconocimiento y la comprensi\u00f3n de las diferencias entre las personas, los pueblos y los grupos sociales.<\/li>\n\n\n\n<li><strong>La educaci\u00f3n intercultural para convivir en la diferencia<\/strong>, respetuosa con la diversidad, con capacidad de di\u00e1logo, de aceptaci\u00f3n de los puntos de vista de los dem\u00e1s y de incorporaci\u00f3n de aquellos elementos de otras culturas que comporten un enriquecimiento de la propia, creativa y abierta a las novedades, sin olvidar la cultura propia.<\/li>\n\n\n\n<li><strong><a href=\"https:\/\/www.fundaciomeritxell.cat\/es\/escuela\/innovacion-educativa\/\" target=\"_blank\" rel=\"noreferrer noopener\">La innovaci\u00f3n educativa<\/a><\/strong>. La Escuela utiliza la innovaci\u00f3n y la reflexi\u00f3n constante sobre la propia pr\u00e1ctica educativa como estrategia para la mejora sostenida.<\/li>\n\n\n\n<li><strong>El acompa\u00f1amiento del alumno en su <a href=\"https:\/\/www.fundaciomeritxell.cat\/es\/escuela\/crecimiento-personal\/\" target=\"_blank\" rel=\"noreferrer noopener\">crecimiento personal<\/a><\/strong>. Desde la Escuela garantizamos el acompa\u00f1amiento del alumno en su desarrollo emocional, social, intelectual y acad\u00e9mico.<\/li>\n\n\n\n<li><a href=\"https:\/\/www.fundaciomeritxell.cat\/es\/escuela\/apertura-al-mundo\/\" target=\"_blank\" rel=\"noreferrer noopener\"><strong>La apertura al mundo<\/strong><\/a>. Educamos desde la identidad y la cultura propias de Catalunya para mejorar el conocimiento de las culturas de Europa y del mundo.<\/li>\n\n\n\n<li><strong>La modalidad de gesti\u00f3n institucional<\/strong>. La Escuela promueve la gesti\u00f3n participativa y democr\u00e1tica, real y efectiva, honesta y transparente en todos sus estamentos, mediante sus organismos representativos.<\/li>\n<\/ul>\n\n\n\n<h2 class=\"wp-block-heading\">Objetivos de la Escuela<\/h2>\n\n\n\n<hr class=\"wp-block-separator has-css-opacity is-style-wide\"\/>\n\n\n\n<p><strong>Innovaci\u00f3n y proyecci\u00f3n: <\/strong>Promover la cultura de la innovaci\u00f3n en la Escuela como estrategia fundamental para tender hacia la excelencia y situar a la Escola Meritxell como escuela de referencia en el mundo .<\/p>\n\n\n\n<p><strong>Curr\u00edculum y mejora continua<\/strong>: Organizar nuestra acci\u00f3n educativa mediante un despliegue curricular que incentive el aprendizaje competencial mediante nuevas metodolog\u00edas y un sistema que asegure la calidad y la mejora continua.<\/p>\n\n\n\n<p><strong>Convivencia e inclusi\u00f3n educativa<\/strong>: Fomentar el trabajo en los valores universales de forma transversal en todas las etapas de la Escuela y velar por la consecuci\u00f3n de la competencia social de cada uno de nuestros alumnos.<\/p>\n\n\n\n<h2 class=\"wp-block-heading\">El modelo educativo, la metodolog\u00eda did\u00e1ctica propia y la acci\u00f3n educativa<\/h2>\n\n\n\n<hr class=\"wp-block-separator has-css-opacity is-style-wide\"\/>\n\n\n\n<h3 class=\"wp-block-heading\">El modelo educativo<\/h3>\n\n\n\n<p>El modelo educativo de nuestra Escuela convierte al alumno en el verdadero protagonista de su aprendizaje y desarrolla el esp\u00edritu cr\u00edtico, la creatividad, la libre expresi\u00f3n, el gusto por el trabajo bien hecho y el bagaje cultural como enriquecimiento personal y para el bien com\u00fan.<\/p>\n\n\n\n<p>Este modelo educativo parte de cuatro pilares:<\/p>\n\n\n\n<p><strong>\u2022 Aprender a ser<\/strong>: autoestima, autoconocimiento y autenticidad personal, inteligencia emocional, control de las emociones propias, motivaci\u00f3n y capacidad para afrontar las frustraciones.<\/p>\n\n\n\n<p><strong>\u2022 Aprender a convivir<\/strong>: establecer buenas relaciones personales, con empat\u00eda y sensibilidad.<\/p>\n\n\n\n<p><strong>\u2022 Aprender a saber y a conocer<\/strong>: capacidad de informarse para analizar y comprender mejor la realidad.<\/p>\n\n\n\n<p><strong>\u2022 Aprender a hacer<\/strong>: iniciativa en la toma de decisiones.<\/p>\n\n\n\n<h3 class=\"wp-block-heading\">La l\u00ednea metodol\u00f3gica<\/h3>\n\n\n\n<p>La educaci\u00f3n que nos proponemos implica una metodolog\u00eda did\u00e1ctica que contempla:<\/p>\n\n\n\n<ul class=\"wp-block-list\">\n<li>Din\u00e1micas de aprendizaje basadas en la adquisici\u00f3n de las capacidades, competencias, habilidades y conocimientos que permitan la plena integraci\u00f3n en la sociedad, la exploraci\u00f3n personal, la pr\u00e1ctica y la experimentaci\u00f3n.<\/li>\n\n\n\n<li>Una educaci\u00f3n que vela, de forma integrada, el <a href=\"https:\/\/www.fundaciomeritxell.cat\/es\/escuela\/crecimiento-personal\/\" target=\"_blank\" rel=\"noreferrer noopener\">desarrollo emocional, intelectual, f\u00edsico y art\u00edstico<\/a>.<\/li>\n\n\n\n<li>Una ense\u00f1anza que da respuesta a las diversas realidades de crecimiento, desarrollo y maduraci\u00f3n de los alumnos.<\/li>\n\n\n\n<li>Un modelo que entiende el error, a partir de la experimentaci\u00f3n, como una oportunidad de aprendizaje y de auto superaci\u00f3n.<\/li>\n\n\n\n<li>El est\u00edmulo de la creatividad como instrumento para la resoluci\u00f3n de problemas complejos y como fuente de crecimiento personal.<\/li>\n\n\n\n<li>La potenciaci\u00f3n de la autonom\u00eda y la responsabilidad del alumnado.<\/li>\n\n\n\n<li>El uso de las <a href=\"https:\/\/www.fundaciomeritxell.cat\/es\/escuela\/innovacion-educativa\/\" target=\"_blank\" rel=\"noreferrer noopener\">nuevas tecnolog\u00edas de la informaci\u00f3n y comunicaci\u00f3n<\/a> (TIC) como instrumentos al servicio de los diferentes aprendizajes de los alumnos y del funcionamiento de la Escuela en general.<\/li>\n\n\n\n<li>El fomento de climas favorables al desarrollo integral del alumnado.<\/li>\n\n\n\n<li>La creaci\u00f3n de espacios f\u00edsicos que estimulen y favorezcan situaciones de aprendizaje significativo.<\/li>\n\n\n\n<li>La participaci\u00f3n del alumno en contextos ajenos a la realidad del d\u00eda a d\u00eda de la Escuela.<\/li>\n\n\n\n<li>La evaluaci\u00f3n constante de la pr\u00e1ctica educativa, con el fin de llevar a cabo aquellos cambios e innovaciones que incidan positivamente en la mejora de la calidad de la ense\u00f1anza y la educaci\u00f3n.<\/li>\n<\/ul>\n\n\n\n<h3 class=\"wp-block-heading\">La acci\u00f3n educativa<\/h3>\n\n\n<div class=\"wp-block-image is-style-default\">\n<figure class=\"alignright is-resized\"><a href=\"https:\/\/www.fundaciomeritxell.cat\/wp-content\/uploads\/2015\/03\/Aules-baixa.jpeg\" target=\"_blank\" rel=\"noreferrer noopener\"><img loading=\"lazy\" decoding=\"async\" width=\"600\" height=\"400\" src=\"https:\/\/www.fundaciomeritxell.cat\/wp-content\/uploads\/2015\/03\/Aules-baixa.jpeg\" alt=\"Aules de l&#039;Escola Mertixell de Matar\u00f3\" class=\"wp-image-9978\" style=\"width:449px;height:299px\" title=\"\" srcset=\"https:\/\/www.fundaciomeritxell.cat\/wp-content\/uploads\/2015\/03\/Aules-baixa.jpeg 600w, https:\/\/www.fundaciomeritxell.cat\/wp-content\/uploads\/2015\/03\/Aules-baixa-300x200.jpeg 300w\" sizes=\"auto, (max-width: 600px) 100vw, 600px\" \/><\/a><\/figure>\n<\/div>\n\n\n<p>La acci\u00f3n educativa pretende la integraci\u00f3n de la personalidad a partir de:<\/p>\n\n\n\n<ul class=\"wp-block-list\">\n<li>El conocimiento, la aceptaci\u00f3n, la superaci\u00f3n de uno mismo y la autoestima.<\/li>\n\n\n\n<li>El desarrollo de destrezas en los \u00e1mbitos siguientes: ling\u00fc\u00edstico y literario, matem\u00e1tico, cient\u00edfico-tecnol\u00f3gico, pl\u00e1stico, musical, deportivo y corporal.<\/li>\n\n\n\n<li>La autonom\u00eda en la acci\u00f3n, con capacidad de independencia, decisi\u00f3n y cr\u00edtica, el ejercicio de la libertad y la responsabilidad en la vida social.<\/li>\n\n\n\n<li>El est\u00edmulo de la sensibilidad y el respeto hacia el medio natural y ambiental.<\/li>\n\n\n\n<li>La relaci\u00f3n con el medio sociocultural, en un af\u00e1n de transformaci\u00f3n de la sociedad.<\/li>\n<\/ul>\n\n\n\n<h2 class=\"wp-block-heading\">\u00c1reas del Proyecto Educativo de Centro<\/h2>\n\n\n\n<hr class=\"wp-block-separator has-css-opacity is-style-wide\"\/>\n\n\n\n<p>Para alcanzar los objetivos del PEC y desplegar la acci\u00f3n educativa, tenemos una serie de proyectos, programas y acciones concretas que se integran en tres grandes \u00e1reas:<\/p>\n\n\n\n<p>\u2022 \u00c1rea de innovaci\u00f3n y proyecci\u00f3n.<\/p>\n\n\n\n<p>\u2022 \u00c1rea de curr\u00edculum y de mejora continua.<\/p>\n\n\n\n<p>\u2022 \u00c1rea de convivencia e inclusi\u00f3n educativa.<\/p>\n\n\n\n<hr class=\"wp-block-separator has-css-opacity is-style-wide\"\/>\n\n\n<div class=\"wp-block-image is-style-default\">\n<figure class=\"alignright\"><a href=\"https:\/\/www.fundaciomeritxell.cat\/wp-content\/uploads\/2016\/12\/20161222_111114-e1505229682513.jpg\" target=\"_blank\" rel=\"noreferrer noopener\"><img decoding=\"async\" src=\"https:\/\/www.fundaciomeritxell.cat\/wp-content\/uploads\/2016\/12\/20161222_111114-e1505229682513.jpg\" alt=\"\" class=\"wp-image-8689\" title=\"\"><\/a><\/figure>\n<\/div>\n\n\n<h2 class=\"wp-block-heading\">Lengua vehicular de la Escuela<\/h2>\n\n\n\n<hr class=\"wp-block-separator has-css-opacity is-style-wide\"\/>\n\n\n\n<p>El catal\u00e1n es, al mismo tiempo, la lengua con la que los alumnos hacen los primeros aprendizajes y la de comunicaci\u00f3n de la Escuela. Sin embargo, como instituci\u00f3n arraigada en la realidad sociocultural de Catalunya y proyectada al mundo, la Escuela tiene como objetivo que <strong>el alumnado alcance un nivel competencial \u00f3ptimo en las lenguas catalana, castellana e <a href=\"https:\/\/www.fundaciomeritxell.cat\/es\/el-ingles-en-la-escuela\/\" target=\"_blank\" rel=\"noreferrer noopener\">inglesa<\/a>, as\u00ed como el conocimiento de la lengua francesa<\/strong>.<\/p>\n\n\n\n<hr class=\"wp-block-separator has-css-opacity is-style-wide\"\/>\n\n\n\n<h3 class=\"wp-block-heading\" id=\"tw-target-text\"><a href=\"https:\/\/www.dropbox.com\/s\/78kzgsbvhghe4lr\/ResumQuotesCurs2023-24.pdf?dl=0\" target=\"_blank\" rel=\"noreferrer noopener\"><a href=\"https:\/\/www.dropbox.com\/scl\/fi\/vx2gr364cp8b99c1frhbr\/PEC_Escola-Meritxell-2024.pdf?rlkey=o740z0ggp24c7pw311g7poj4q&amp;st=5yjjaa1g&amp;dl=0\" target=\"_blank\" rel=\"noopener\">Desc\u00e1rgate el PEC aqu\u00ed<\/a><\/a><\/h3>\n\n\n\n<h2 class=\"wp-block-heading\" id=\"tw-target-text\"><a href=\"https:\/\/www.dropbox.com\/scl\/fi\/57nug67gokfwdtwg0ptpo\/Resum-Quotes-curs-25-26-web.pdf?rlkey=5mseyx3yij2t52a2k2dntg9ox&amp;st=aas2nr9f&amp;dl=0\" target=\"_blank\" rel=\"noreferrer noopener\">Cuotas<\/a><\/h2>\n\n\n\n<hr class=\"wp-block-separator has-css-opacity is-style-wide\"\/>\n\n\n\n<p id=\"tw-target-text\"><\/p>\n\n\n\n<h6 class=\"wp-block-heading\"><\/h6>\n","protected":false},"excerpt":{"rendered":"<p>PROYECTO EDUCATIVO DE CENTRO (PEC) Visi\u00f3n: Ser una escuela referente en el Maresme, con un equipo comprometido que potencie al alumno para llegar lejos, tan lejos como quiera. Misi\u00f3n: La Fundaci\u00f3 Meritxell es una escuela orientada al desarrollo educativo y &hellip; <\/p>\n","protected":false},"author":2,"featured_media":0,"parent":0,"menu_order":0,"comment_status":"closed","ping_status":"closed","template":"","meta":{"footnotes":""},"class_list":["post-16309","page","type-page","status-publish","hentry"],"_links":{"self":[{"href":"https:\/\/www.fundaciomeritxell.cat\/es\/wp-json\/wp\/v2\/pages\/16309","targetHints":{"allow":["GET"]}}],"collection":[{"href":"https:\/\/www.fundaciomeritxell.cat\/es\/wp-json\/wp\/v2\/pages"}],"about":[{"href":"https:\/\/www.fundaciomeritxell.cat\/es\/wp-json\/wp\/v2\/types\/page"}],"author":[{"embeddable":true,"href":"https:\/\/www.fundaciomeritxell.cat\/es\/wp-json\/wp\/v2\/users\/2"}],"replies":[{"embeddable":true,"href":"https:\/\/www.fundaciomeritxell.cat\/es\/wp-json\/wp\/v2\/comments?post=16309"}],"version-history":[{"count":0,"href":"https:\/\/www.fundaciomeritxell.cat\/es\/wp-json\/wp\/v2\/pages\/16309\/revisions"}],"wp:attachment":[{"href":"https:\/\/www.fundaciomeritxell.cat\/es\/wp-json\/wp\/v2\/media?parent=16309"}],"curies":[{"name":"wp","href":"https:\/\/api.w.org\/{rel}","templated":true}]}}