{"id":15923,"date":"2015-10-19T04:23:53","date_gmt":"2015-10-19T04:23:53","guid":{"rendered":"https:\/\/www.fundaciomeritxell.cat\/?page_id=15923"},"modified":"2026-01-22T16:08:58","modified_gmt":"2026-01-22T14:08:58","slug":"home-4","status":"publish","type":"page","link":"https:\/\/www.fundaciomeritxell.cat\/es\/","title":{"rendered":"Home"},"content":{"rendered":"<div class=\"wpb-content-wrapper\"><p>[vc_row full_width=\u00bbstretch_row_content_no_spaces\u00bb][vc_column 0=\u00bb\u00bb css=\u00bb.vc_custom_1619606187303{background-position: center !important;background-repeat: no-repeat !important;background-size: contain !important;}\u00bb][rev_slider_vc alias=\u00bbhome-page-14&#8243;][\/vc_column][\/vc_row][vc_row el_class=\u00bbthim-best-industry\u00bb css=\u00bb.vc_custom_1619605759280{padding-right: 2px !important;padding-left: 2px !important;}\u00bb][vc_column width=\u00bb1\/3&#8243; css=\u00bb.vc_custom_1619606588248{margin-bottom: 30px !important;padding-right: 1px !important;padding-left: 1px !important;}\u00bb]<div class=\"thim-widget-icon-box template-base\"><div class=\"wrapper-box-icon has_read_more text-left overlay\" ><div class=\"smicon-box iconbox-left\" style=\"--icon-font-size:60px;--icon-color:#ffb828;--icon-width: 60px;--icon-height: 120px;\"><div class=\"boxes-icon\"><span class=\"inner-icon\"><span class=\"icon\"><i class=\"fas fa-file-alt\"><\/i><\/span><\/span><\/span><\/div><div class=\"content-inner\"><div class=\"sc-heading article_heading\"><h3 class = \"heading__primary\" >Blogs<\/h3><\/div><a class=\"smicon-read sc-btn\" target=\"_self\" href=\"https:\/\/www.fundaciomeritxell.cat\/blogs\/\"  style=\"--btn-text-color: #ffb606;--btn-text-color-hover:#ffb606;\" >Acceder<i class=\"edu-chevron-right\"><\/i><\/a><\/div><\/div><\/div><\/div>[\/vc_column][vc_column width=\u00bb1\/3&#8243; css=\u00bb.vc_custom_1619606602667{margin-bottom: 30px !important;padding-right: 1px !important;padding-left: 1px !important;}\u00bb]<div class=\"thim-widget-icon-box template-base\"><div class=\"wrapper-box-icon has_read_more text-left overlay\" ><div class=\"smicon-box iconbox-left\" style=\"--icon-font-size:60px;--icon-color:#ffb828;--icon-width: 80px;--icon-height: 120px;\"><div class=\"boxes-icon\"><span class=\"inner-icon\"><span class=\"icon\"><i class=\"fas fa-envelope\"><\/i><\/span><\/span><\/span><\/div><div class=\"content-inner\"><div class=\"sc-heading article_heading\"><h3 class = \"heading__primary\" >Correo<\/h3><\/div><a class=\"smicon-read sc-btn\" target=\"_self\" href=\"https:\/\/outlook.office.com\/mail\/inbox\" style=\"--btn-text-color: #ffb606;--btn-text-color-hover:#ffb606;\" rel=\"noopener\">Acceder<i class=\"edu-chevron-right\"><\/i><\/a><\/div><\/div><\/div><\/div>[\/vc_column][vc_column width=\u00bb1\/3&#8243; css=\u00bb.vc_custom_1619606614112{margin-bottom: 30px !important;padding-right: 1px !important;padding-left: 1px !important;}\u00bb]<div class=\"thim-widget-icon-box template-base\"><div class=\"wrapper-box-icon has_read_more text-left overlay\" ><div class=\"smicon-box iconbox-left\" style=\"--icon-font-size:60px;--icon-color:#ffb828;--icon-width: 90px;--icon-height: 120px;\"><div class=\"boxes-icon\"><span class=\"inner-icon\"><span class=\"icon\"><i class=\"fas fa-edit\"><\/i><\/span><\/span><\/span><\/div><div class=\"content-inner\"><div class=\"sc-heading article_heading\"><h3 class = \"heading__primary\" >Intranet<\/h3><\/div><a class=\"smicon-read sc-btn\" target=\"_self\" href=\"https:\/\/escolameritxell.clickedu.eu\/user.php?action=login\" style=\"--btn-text-color: #ffb606;--btn-text-color-hover:#ffb606;\" rel=\"noopener\">Acceder<i class=\"edu-chevron-right\"><\/i><\/a><\/div><\/div><\/div><\/div>[\/vc_column][\/vc_row][vc_row css=\u00bb.vc_custom_1619605775476{margin-bottom: 25px !important;background-color: #ffffff !important;}\u00bb][vc_column width=\u00bb1\/3&#8243; offset=\u00bbvc_col-md-offset-0&#8243;]<div class=\"thim-widget-icon-box template-base\"><div class=\"wrapper-box-icon has_read_more text-left overlay\" style=\"background-color: #e5a524;\"><div class=\"smicon-box iconbox-left\" style=\"--icon-font-size:60px;--icon-color:#111111;--icon-width: 90px;--icon-height: 150px;\"><div class=\"boxes-icon\"><span class=\"inner-icon\"><span class=\"icon\"><i class=\"fas fa-lightbulb\"><\/i><\/span><\/span><\/span><\/div><div class=\"content-inner\"><div class=\"sc-heading article_heading\"><h3 class = \"heading__primary\" >Innovaci\u00f3n Educativa<\/h3><\/div><a class=\"smicon-read sc-btn\" target=\"_self\" href=\"\/es\/escuela\/innovacion-educativa\/\"  style=\"--btn-text-color: #111111;--btn-text-color-hover:#111111;\" >Acceder<i class=\"edu-chevron-right\"><\/i><\/a><\/div><\/div><\/div><\/div>[\/vc_column][vc_column width=\u00bb1\/3&#8243;]<div class=\"thim-widget-icon-box template-base\"><div class=\"wrapper-box-icon has_read_more text-left overlay\" style=\"background-color: #e5a524;\"><div class=\"smicon-box iconbox-left\" style=\"--icon-font-size:60px;--icon-color:#111111;--icon-width: 90px;--icon-height: 150px;\"><div class=\"boxes-icon\"><span class=\"inner-icon\"><span class=\"icon\"><i class=\"fas fa-sun\"><\/i><\/span><\/span><\/span><\/div><div class=\"content-inner\"><div class=\"sc-heading article_heading\"><h3 class = \"heading__primary\" >Crecimiento Personal<\/h3><\/div><a class=\"smicon-read sc-btn\" target=\"_self\" href=\"\/es\/escuela\/crecimiento-personal\/\"  style=\"--btn-text-color: #111111;--btn-text-color-hover:#111111;\" >Acceder<i class=\"edu-chevron-right\"><\/i><\/a><\/div><\/div><\/div><\/div>[\/vc_column][vc_column width=\u00bb1\/3&#8243;]<div class=\"thim-widget-icon-box template-base\"><div class=\"wrapper-box-icon has_read_more text-left overlay\" style=\"background-color: #e5a524;\"><div class=\"smicon-box iconbox-left\" style=\"--icon-font-size:60px;--icon-color:#111111;--icon-width: 90px;--icon-height: 150px;\"><div class=\"boxes-icon\"><span class=\"inner-icon\"><span class=\"icon\"><i class=\"fas fa-plane\"><\/i><\/span><\/span><\/span><\/div><div class=\"content-inner\"><div class=\"sc-heading article_heading\"><h3 class = \"heading__primary\" >Apertura al mundo<\/h3><\/div><a class=\"smicon-read sc-btn\" target=\"_self\" href=\"\/es\/escuela\/apertura-al-mundo\/\"  style=\"--btn-text-color: #111111;--btn-text-color-hover:#111111;\" >Acceder<i class=\"edu-chevron-right\"><\/i><\/a><\/div><\/div><\/div><\/div>[\/vc_column][\/vc_row][vc_row][vc_column width=\u00bb1\/3&#8243;][vc_custom_heading text=\u00bbProyecto Educativo\u00bb font_container=\u00bbtag:h2|text_align:left|color:%23ffb828&#8243; use_theme_fonts=\u00bbyes\u00bb][vc_single_image image=\u00bb23826&#8243; img_size=\u00bbfull\u00bb][vc_column_text]<\/p>\n<p style=\"text-align: center;\">Os invitamos a leer nuestro <a href=\"\/es\/escuela\/\">Proyecto Educativo de Centro<\/a>.<\/p>\n<p>[\/vc_column_text][vc_single_image image=\u00bb25743&#8243; img_size=\u00bbfull\u00bb alignment=\u00bbcenter\u00bb onclick=\u00bbcustom_link\u00bb img_link_target=\u00bb_blank\u00bb css=\u00bb\u00bb link=\u00bbhttps:\/\/www.dropbox.com\/scl\/fi\/78s1gc5zv233qiqs081z9\/memoria-23-24-escola-meritxell.pdf?rlkey=5qtm80fr1j0g0ty2a65wtebxd&amp;st=sag8pye8&amp;dl=0&#8243;][\/vc_column][vc_column width=\u00bb1\/3&#8243;][vc_custom_heading text=\u00bbPor qu\u00e9 el Meritxell\u00bb font_container=\u00bbtag:h2|text_align:left|color:%23ffb828&#8243; use_theme_fonts=\u00bbyes\u00bb][vc_empty_space height=\u00bb8px\u00bb][vc_column_text]<\/p>\n<ul>\n<li>\n<h4>Proyecto Educativo centrado en el acompa\u00f1amiento personalizado del alumnado.<\/h4>\n<\/li>\n<\/ul>\n<ul>\n<li>\n<h4>Oferta educativa 3-18.<\/h4>\n<\/li>\n<li>\n<h4>Internacionalizaci\u00f3n e idiomas.<\/h4>\n<\/li>\n<li>\n<h4>Metodolog\u00edas de aprendizaje innovadoras.<\/h4>\n<\/li>\n<li>\n<h4>Una escuela rodeada de naturaleza.<\/h4>\n<\/li>\n<\/ul>\n<p>[\/vc_column_text][vc_empty_space][vc_column_text css=\u00bb\u00bb]<\/p>\n<p>&nbsp;<\/p>\n<p><span style=\"color: #000000;\"><a style=\"color: #000000;\" href=\"https:\/\/www.dropbox.com\/scl\/fi\/c5960llvudff9ja1orm74\/memoria-meritxell-2024-25.pdf?rlkey=mt188c23d73n1ju1xq0heicb9&amp;st=2qfrdhks&amp;dl=0\" target=\"_blank\" rel=\"noopener\">Pod\u00e9is consultar la <strong>Mem\u00f2ria Resumen<\/strong> del colegio del \u00faltimo curso donde encontrar\u00e9is los datos generales, los resultados acad\u00e9micos, un mapa de la escuela y las actividades extraescolares, de idiomas, educativas y viajes que hemos llevado a cabo a lo largo del curso 2024-2025 .<\/a><\/span>[\/vc_column_text][\/vc_column][vc_column width=\u00bb1\/3&#8243; css=\u00bb.vc_custom_1616263393476{border-top-width: 4px !important;border-right-width: 4px !important;border-bottom-width: 4px !important;border-left-width: 4px !important;border-left-color: #000000 !important;border-left-style: s\u00f2lid !important;border-right-color: #000000 !important;border-right-style: s\u00f2lid !important;border-top-color: #000000 !important;border-top-style: s\u00f2lid !important;border-bottom-color: #000000 !important;border-bottom-style: s\u00f2lid !important;}\u00bb][vc_custom_heading text=\u00bbContactar con la Escuela\u00bb font_container=\u00bbtag:h2|text_align:center|color:%23ffffff\u00bb use_theme_fonts=\u00bbyes\u00bb css=\u00bb.vc_custom_1619691223822{background-color: #ffb828 !important;}\u00bb]\n<div class=\"wpcf7 no-js\" id=\"wpcf7-f17204-o1\" lang=\"es-ES\" dir=\"ltr\" data-wpcf7-id=\"17204\">\n<div class=\"screen-reader-response\"><p role=\"status\" aria-live=\"polite\" aria-atomic=\"true\"><\/p> <ul><\/ul><\/div>\n<form action=\"\/es\/wp-json\/wp\/v2\/pages\/15923#wpcf7-f17204-o1\" method=\"post\" class=\"wpcf7-form init\" aria-label=\"Formulario de contacto\" novalidate=\"novalidate\" data-status=\"init\">\n<fieldset class=\"hidden-fields-container\"><input type=\"hidden\" name=\"_wpcf7\" value=\"17204\" \/><input type=\"hidden\" name=\"_wpcf7_version\" value=\"6.1.5\" \/><input type=\"hidden\" name=\"_wpcf7_locale\" value=\"es_ES\" \/><input type=\"hidden\" name=\"_wpcf7_unit_tag\" value=\"wpcf7-f17204-o1\" \/><input type=\"hidden\" name=\"_wpcf7_container_post\" value=\"0\" \/><input type=\"hidden\" name=\"_wpcf7_posted_data_hash\" value=\"\" \/>\n<\/fieldset>\n<p><span class=\"wpcf7-form-control-wrap\" data-name=\"your-name\"><input size=\"40\" maxlength=\"400\" class=\"wpcf7-form-control wpcf7-text wpcf7-validates-as-required\" aria-required=\"true\" aria-invalid=\"false\" placeholder=\"Nombre *\" value=\"\" type=\"text\" name=\"your-name\" \/><\/span>\n<\/p>\n<p><span class=\"wpcf7-form-control-wrap\" data-name=\"your-email\"><input size=\"40\" maxlength=\"400\" class=\"wpcf7-form-control wpcf7-email wpcf7-validates-as-required wpcf7-text wpcf7-validates-as-email\" aria-required=\"true\" aria-invalid=\"false\" placeholder=\"Email *\" value=\"\" type=\"email\" name=\"your-email\" \/><\/span>\n<\/p>\n<p><span class=\"wpcf7-form-control-wrap\" data-name=\"your-subject\"><input size=\"40\" maxlength=\"400\" class=\"wpcf7-form-control wpcf7-text wpcf7-validates-as-required\" aria-required=\"true\" aria-invalid=\"false\" placeholder=\"Asunto *\" value=\"\" type=\"text\" name=\"your-subject\" \/><\/span>\n<\/p>\n<p><span class=\"wpcf7-form-control-wrap\" data-name=\"your-message\"><textarea cols=\"40\" rows=\"10\" maxlength=\"2000\" class=\"wpcf7-form-control wpcf7-textarea wpcf7-validates-as-required\" aria-required=\"true\" aria-invalid=\"false\" placeholder=\"Mensaje *\" name=\"your-message\"><\/textarea><\/span>\n<\/p>\n<p><span class=\"wpcf7-form-control-wrap\" data-name=\"acceptance-650\"><span class=\"wpcf7-form-control wpcf7-acceptance\"><span class=\"wpcf7-list-item\"><label><input type=\"checkbox\" name=\"acceptance-650\" value=\"1\" aria-invalid=\"false\" \/><span class=\"wpcf7-list-item-label\">He le\u00eddo y acepto la <a href=\"https:\/\/www.dropbox.com\/s\/wouz1vib24g7qdt\/INFORMACI%C3%93%20B%C3%80SICA%20SOBRE%20PROTECCI%C3%93%20DE%20DADES.pdf?dl=0\" target=\"_blank\" rel=\"noopener\">Informaci\u00f3n b\u00e1sica sobre protecci\u00f3n de datos<\/a>, as\u00ed como la informaci\u00f3n adicional detallada en la <a href=\"https:\/\/www.dropbox.com\/s\/kdnl8z2orqztpe3\/ESCOLA_MERITXELL_POLITICA_DE_PROTECCIO_DE_DADES_PAGINA_WEB_.pdf?dl=0\" target=\"_blank\" rel=\"noopener\">Pol\u00edtica de privacidad y protecci\u00f3n de datos<\/a>.<\/span><\/label><\/span><\/span><\/span>\n<\/p>\n<p><span class=\"wpcf7-form-control-wrap\" data-name=\"acceptance-660\"><span class=\"wpcf7-form-control wpcf7-acceptance optional\"><span class=\"wpcf7-list-item\"><label><input type=\"checkbox\" name=\"acceptance-660\" value=\"1\" aria-invalid=\"false\" \/><span class=\"wpcf7-list-item-label\">Acepto recibir boletines informativos sobre las actividades de: ESCOLA MERITXELL<\/span><\/label><\/span><\/span><\/span>\n<\/p>\n<p><input class=\"wpcf7-form-control wpcf7-submit has-spinner\" type=\"submit\" value=\"Enviar\" \/>\n<\/p><input type=\"text\" name=\"cGHZ0\" value=\"\" style=\"display: none !important;\" \/><div class=\"wpcf7-response-output\" aria-hidden=\"true\"><\/div>\n<\/form>\n<\/div>\n[\/vc_column][\/vc_row][vc_row full_width=\u00bbstretch_row\u00bb content_placement=\u00bbmiddle\u00bb parallax=\u00bbcontent-moving\u00bb parallax_image=\u00bb156&#8243; css=\u00bb.vc_custom_1698133427180{background-image: url(https:\/\/www.fundaciomeritxell.cat\/wp-content\/uploads\/2023\/10\/Proposta3-scaled-1.webp?id=23811) !important;}\u00bb][vc_column width=\u00bb1\/2&#8243;][vc_custom_heading text=\u00bbAdmissions 2026-27&#8243; font_container=\u00bbtag:h1|text_align:left|color:%23ffb828&#8243; use_theme_fonts=\u00bbyes\u00bb css=\u00bb.vc_custom_1761032568035{padding-bottom: 15px !important;}\u00bb link=\u00bburl:https%3A%2F%2Fwww.fundaciomeritxell.cat%2Fes%2Fjornada-de-aulas-abiertas%2F\u00bb][\/vc_column][vc_column width=\u00bb1\/2&#8243;][vc_btn title=\u00bbM\u00e1s informaci\u00f3n\u00bb style=\u00bbcustom\u00bb custom_background=\u00bb#ffb828&#8243; custom_text=\u00bb#000000&#8243; size=\u00bblg\u00bb align=\u00bbright\u00bb link=\u00bburl:https%3A%2F%2Fwww.fundaciomeritxell.cat%2Fes%2Fjornada-de-aulas-abiertas%2F|title:Admissions%202022-23&#8243;][\/vc_column][\/vc_row][vc_row][vc_column][vc_custom_heading text=\u00bbETAPAS\u00bb font_container=\u00bbtag:h1|text_align:center|color:%23ffb828&#8243; use_theme_fonts=\u00bbyes\u00bb][\/vc_column][\/vc_row][vc_row][vc_column width=\u00bb1\/4&#8243;][vc_single_image image=\u00bb23834&#8243; img_size=\u00bb600&#215;450&#8243; alignment=\u00bbcenter\u00bb style=\u00bbvc_box_shadow_border\u00bb onclick=\u00bbcustom_link\u00bb link=\u00bb\/es\/infantil-2\/\u00bb][vc_custom_heading text=\u00bbEDUCACI\u00d3N INFANTIL\u00bb font_container=\u00bbtag:h4|text_align:center\u00bb use_theme_fonts=\u00bbyes\u00bb link=\u00bburl:%2Fes%2Finfantil-2%2F\u00bb][\/vc_column][vc_column width=\u00bb1\/4&#8243;][vc_single_image image=\u00bb23842&#8243; img_size=\u00bbfull\u00bb alignment=\u00bbcenter\u00bb style=\u00bbvc_box_shadow_border\u00bb onclick=\u00bbcustom_link\u00bb link=\u00bb\/es\/primaria\/\u00bb][vc_custom_heading text=\u00bbEDUCACI\u00d3N PRIMARIA\u00bb font_container=\u00bbtag:h4|text_align:center\u00bb use_theme_fonts=\u00bbyes\u00bb link=\u00bburl:%2Fes%2Fprimaria%2F\u00bb][\/vc_column][vc_column width=\u00bb1\/4&#8243;][vc_single_image image=\u00bb23850&#8243; img_size=\u00bb600&#215;450&#8243; alignment=\u00bbcenter\u00bb style=\u00bbvc_box_shadow_border\u00bb onclick=\u00bbcustom_link\u00bb link=\u00bb\/es\/secundaria-2\/\u00bb][vc_custom_heading text=\u00bbESO\u00bb font_container=\u00bbtag:h4|text_align:center\u00bb use_theme_fonts=\u00bbyes\u00bb link=\u00bburl:%2Fes%2Fsecundaria-2%2F\u00bb][\/vc_column][vc_column width=\u00bb1\/4&#8243;][vc_single_image image=\u00bb23858&#8243; img_size=\u00bb600&#215;450&#8243; alignment=\u00bbcenter\u00bb style=\u00bbvc_box_shadow_border\u00bb onclick=\u00bbcustom_link\u00bb link=\u00bb\/es\/bachillerato\/\u00bb][vc_custom_heading text=\u00bbBACHILLERATO\u00bb font_container=\u00bbtag:h4|text_align:center\u00bb use_theme_fonts=\u00bbyes\u00bb link=\u00bburl:%2Fes%2Fbachillerato%2F\u00bb][\/vc_column][\/vc_row][vc_row full_width=\u00bbstretch_row\u00bb css=\u00bb.vc_custom_1623914616148{padding-right: 10px !important;padding-bottom: 10px !important;padding-left: 10px !important;background-color: #e8e8e8 !important;}\u00bb][vc_column][vc_row_inner css=\u00bb.vc_custom_1616350970877{margin-top: -20px !important;}\u00bb][vc_column_inner][vc_custom_heading text=\u00bbSERVICIOS\u00bb font_container=\u00bbtag:h1|text_align:left|color:%23111111&#8243; use_theme_fonts=\u00bbyes\u00bb][\/vc_column_inner][\/vc_row_inner][vc_row_inner][vc_column_inner width=\u00bb1\/4&#8243;][vc_single_image image=\u00bb23865&#8243; img_size=\u00bb600&#215;425&#8243; alignment=\u00bbcenter\u00bb style=\u00bbvc_box_rounded\u00bb onclick=\u00bbcustom_link\u00bb link=\u00bb\/es\/monitores-2\/\u00bb][vc_custom_heading text=\u00bbESPACIO MEDIOD\u00cdA\u00bb font_container=\u00bbtag:h4|text_align:center|color:%23e5a524&#8243; use_theme_fonts=\u00bbyes\u00bb link=\u00bburl:%2Fes%2Fmonitores-2%2F\u00bb][\/vc_column_inner][vc_column_inner width=\u00bb1\/4&#8243;][vc_single_image image=\u00bb23873&#8243; img_size=\u00bb600&#215;425&#8243; alignment=\u00bbcenter\u00bb style=\u00bbvc_box_rounded\u00bb onclick=\u00bbcustom_link\u00bb link=\u00bb\/es\/transporte\/\u00bb][vc_custom_heading text=\u00bbTRANSPORTE\u00bb font_container=\u00bbtag:h4|text_align:center|color:%23e5a524&#8243; use_theme_fonts=\u00bbyes\u00bb link=\u00bburl:%2Fes%2Ftransporte%2F\u00bb][\/vc_column_inner][vc_column_inner width=\u00bb1\/4&#8243;][vc_single_image image=\u00bb23880&#8243; img_size=\u00bb600&#215;425&#8243; alignment=\u00bbcenter\u00bb style=\u00bbvc_box_rounded\u00bb onclick=\u00bbcustom_link\u00bb link=\u00bb\/es\/doip\/\u00bb][vc_custom_heading text=\u00bbDOIP\u00bb font_container=\u00bbtag:h4|text_align:center|color:%23e5a524&#8243; use_theme_fonts=\u00bbyes\u00bb link=\u00bburl:%2Fes%2Fdoip%2F\u00bb][\/vc_column_inner][vc_column_inner width=\u00bb1\/4&#8243;][vc_single_image image=\u00bb23888&#8243; img_size=\u00bb600&#215;425&#8243; alignment=\u00bbcenter\u00bb style=\u00bbvc_box_rounded\u00bb onclick=\u00bbcustom_link\u00bb link=\u00bb\/es\/acogida\/\u00bb][vc_custom_heading text=\u00bbACOGIDA\u00bb font_container=\u00bbtag:h4|text_align:center|color:%23e5a524&#8243; use_theme_fonts=\u00bbyes\u00bb link=\u00bburl:%2Fes%2Facogida%2F\u00bb][\/vc_column_inner][\/vc_row_inner][\/vc_column][\/vc_row][vc_row][vc_column width=\u00bb1\/6&#8243;][vc_single_image image=\u00bb23922&#8243; img_size=\u00bb\u00bb onclick=\u00bbcustom_link\u00bb img_link_target=\u00bb_blank\u00bb link=\u00bbhttps:\/\/www.agrescat.cat\/ca\/index.htm\u00bb][\/vc_column][vc_column width=\u00bb1\/6&#8243;][vc_single_image image=\u00bb23918&#8243; img_size=\u00bb\u00bb onclick=\u00bbcustom_link\u00bb img_link_target=\u00bb_blank\u00bb link=\u00bbhttp:\/\/www.concertadesllarsmataro.com\/\u00bb][\/vc_column][vc_column width=\u00bb1\/6&#8243;][vc_single_image image=\u00bb23914&#8243; img_size=\u00bb\u00bb onclick=\u00bbcustom_link\u00bb img_link_target=\u00bb_blank\u00bb css=\u00bb\u00bb link=\u00bbhttps:\/\/www.dropbox.com\/scl\/fi\/flycql9yg3zk78n686e6v\/Servei-Cafeteria_Escola-Meritxell-24-25.pdf?rlkey=rl9k5xbeawpwq4e69b04lvdn5&amp;st=wi4bxj7r&amp;dl=0&#8243;][\/vc_column][vc_column width=\u00bb1\/6&#8243;][vc_single_image image=\u00bb23926&#8243; img_size=\u00bb\u00bb onclick=\u00bbcustom_link\u00bb img_link_target=\u00bb_blank\u00bb link=\u00bbhttps:\/\/www.fundaciomeritxell.cat\/es\/conocenos\/alumni-escola-meritxell\/\u00bb][\/vc_column][vc_column width=\u00bb1\/6&#8243;][vc_single_image image=\u00bb23910&#8243; img_size=\u00bb\u00bb onclick=\u00bbcustom_link\u00bb img_link_target=\u00bb_blank\u00bb link=\u00bbhttps:\/\/www.academica.school\/files\/Guia-Rapida-ACADEMICA_CAT.pdf\u00bb][\/vc_column][vc_column width=\u00bb1\/6&#8243;][vc_single_image image=\u00bb23906&#8243; img_size=\u00bb\u00bb][\/vc_column][vc_column width=\u00bb1\/6&#8243;][vc_single_image image=\u00bb25523&#8243; img_size=\u00bb\u00bb onclick=\u00bbcustom_link\u00bb img_link_target=\u00bb_blank\u00bb css=\u00bb\u00bb link=\u00bbhttps:\/\/www.llibrestext.com\/botiga\/index\u00bb][\/vc_column][\/vc_row]<\/p>\n<\/div>","protected":false},"excerpt":{"rendered":"<p>[vc_row full_width=\u00bbstretch_row_content_no_spaces\u00bb][vc_column 0=\u00bb\u00bb css=\u00bb.vc_custom_1619606187303{background-position: center !important;background-repeat: no-repeat !important;background-size: contain !important;}\u00bb][rev_slider_vc alias=\u00bbhome-page-14&#8243;][\/vc_column][\/vc_row][vc_row el_class=\u00bbthim-best-industry\u00bb css=\u00bb.vc_custom_1619605759280{padding-right: 2px !important;padding-left: 2px !important;}\u00bb][vc_column width=\u00bb1\/3&#8243; css=\u00bb.vc_custom_1619606588248{margin-bottom: 30px !important;padding-right: 1px !important;padding-left: 1px !important;}\u00bb][\/vc_column][vc_column width=\u00bb1\/3&#8243; css=\u00bb.vc_custom_1619606602667{margin-bottom: 30px !important;padding-right: 1px !important;padding-left: 1px !important;}\u00bb][\/vc_column][vc_column width=\u00bb1\/3&#8243; css=\u00bb.vc_custom_1619606614112{margin-bottom: 30px !important;padding-right: 1px !important;padding-left: 1px &hellip; <\/p>\n","protected":false},"author":2,"featured_media":0,"parent":0,"menu_order":0,"comment_status":"closed","ping_status":"closed","template":"page-templates\/homepage.php","meta":{"footnotes":""},"class_list":["post-15923","page","type-page","status-publish","hentry"],"_links":{"self":[{"href":"https:\/\/www.fundaciomeritxell.cat\/es\/wp-json\/wp\/v2\/pages\/15923","targetHints":{"allow":["GET"]}}],"collection":[{"href":"https:\/\/www.fundaciomeritxell.cat\/es\/wp-json\/wp\/v2\/pages"}],"about":[{"href":"https:\/\/www.fundaciomeritxell.cat\/es\/wp-json\/wp\/v2\/types\/page"}],"author":[{"embeddable":true,"href":"https:\/\/www.fundaciomeritxell.cat\/es\/wp-json\/wp\/v2\/users\/2"}],"replies":[{"embeddable":true,"href":"https:\/\/www.fundaciomeritxell.cat\/es\/wp-json\/wp\/v2\/comments?post=15923"}],"version-history":[{"count":1,"href":"https:\/\/www.fundaciomeritxell.cat\/es\/wp-json\/wp\/v2\/pages\/15923\/revisions"}],"predecessor-version":[{"id":26061,"href":"https:\/\/www.fundaciomeritxell.cat\/es\/wp-json\/wp\/v2\/pages\/15923\/revisions\/26061"}],"wp:attachment":[{"href":"https:\/\/www.fundaciomeritxell.cat\/es\/wp-json\/wp\/v2\/media?parent=15923"}],"curies":[{"name":"wp","href":"https:\/\/api.w.org\/{rel}","templated":true}]}}