{"id":13304,"date":"2019-06-21T08:00:28","date_gmt":"2019-06-21T07:00:28","guid":{"rendered":"https:\/\/www.fundaciomeritxell.cat\/?page_id=13304"},"modified":"2021-03-25T09:56:50","modified_gmt":"2021-03-25T07:56:50","slug":"bus-lanzadera","status":"publish","type":"page","link":"https:\/\/www.fundaciomeritxell.cat\/es\/bus-lanzadera\/","title":{"rendered":"BUS LANZADERA"},"content":{"rendered":"\n<p>\n\nA partir del curso 2019-2020, los alumnos mayores de 16 a\u00f1os disponen de un servicio de bus lanzadera que saldr\u00e1 de la estaci\u00f3n de tren de Matar\u00f3 para llegar a las 8h a la Escola Meritxell. Y a las 14h al rev\u00e9s.<\/p>\n\n\n\n<p>Precio del servicio por d\u00eda: 1 \u20ac.\n\n<\/p>\n","protected":false},"excerpt":{"rendered":"<p>A partir del curso 2019-2020, los alumnos mayores de 16 a\u00f1os disponen de un servicio de bus lanzadera que saldr\u00e1 de la estaci\u00f3n de tren de Matar\u00f3 para llegar a las 8h a la Escola Meritxell. Y a las 14h &hellip; <\/p>\n","protected":false},"author":2,"featured_media":13796,"parent":0,"menu_order":0,"comment_status":"closed","ping_status":"closed","template":"","meta":{"footnotes":""},"class_list":["post-13304","page","type-page","status-publish","has-post-thumbnail","hentry"],"_links":{"self":[{"href":"https:\/\/www.fundaciomeritxell.cat\/es\/wp-json\/wp\/v2\/pages\/13304","targetHints":{"allow":["GET"]}}],"collection":[{"href":"https:\/\/www.fundaciomeritxell.cat\/es\/wp-json\/wp\/v2\/pages"}],"about":[{"href":"https:\/\/www.fundaciomeritxell.cat\/es\/wp-json\/wp\/v2\/types\/page"}],"author":[{"embeddable":true,"href":"https:\/\/www.fundaciomeritxell.cat\/es\/wp-json\/wp\/v2\/users\/2"}],"replies":[{"embeddable":true,"href":"https:\/\/www.fundaciomeritxell.cat\/es\/wp-json\/wp\/v2\/comments?post=13304"}],"version-history":[{"count":0,"href":"https:\/\/www.fundaciomeritxell.cat\/es\/wp-json\/wp\/v2\/pages\/13304\/revisions"}],"wp:featuredmedia":[{"embeddable":true,"href":"https:\/\/www.fundaciomeritxell.cat\/es\/wp-json\/"}],"wp:attachment":[{"href":"https:\/\/www.fundaciomeritxell.cat\/es\/wp-json\/wp\/v2\/media?parent=13304"}],"curies":[{"name":"wp","href":"https:\/\/api.w.org\/{rel}","templated":true}]}}