{"id":15919,"date":"2015-10-19T04:23:53","date_gmt":"2015-10-19T04:23:53","guid":{"rendered":"https:\/\/www.fundaciomeritxell.cat\/?page_id=15919"},"modified":"2026-01-22T16:09:32","modified_gmt":"2026-01-22T14:09:32","slug":"home-4","status":"publish","type":"page","link":"https:\/\/www.fundaciomeritxell.cat\/en\/","title":{"rendered":"Home"},"content":{"rendered":"<div class=\"wpb-content-wrapper\"><p>[vc_row full_width=&#8221;stretch_row_content_no_spaces&#8221;][vc_column 0=&#8221;&#8221; css=&#8221;.vc_custom_1619606187303{background-position: center !important;background-repeat: no-repeat !important;background-size: contain !important;}&#8221;][rev_slider_vc alias=&#8221;home-page-15&#8243;][\/vc_column][\/vc_row][vc_row el_class=&#8221;thim-best-industry&#8221; css=&#8221;.vc_custom_1619605759280{padding-right: 2px !important;padding-left: 2px !important;}&#8221;][vc_column width=&#8221;1\/3&#8243; css=&#8221;.vc_custom_1619606588248{margin-bottom: 30px !important;padding-right: 1px !important;padding-left: 1px !important;}&#8221;]<div class=\"thim-widget-icon-box template-base\"><div class=\"wrapper-box-icon has_read_more text-left overlay\" ><div class=\"smicon-box iconbox-left\" style=\"--icon-font-size:60px;--icon-color:#ffb828;--icon-width: 60px;--icon-height: 120px;\"><div class=\"boxes-icon\"><span class=\"inner-icon\"><span class=\"icon\"><i class=\"fas fa-file-alt\"><\/i><\/span><\/span><\/span><\/div><div class=\"content-inner\"><div class=\"sc-heading article_heading\"><h3 class = \"heading__primary\" >Blogs<\/h3><\/div><a class=\"smicon-read sc-btn\" target=\"_self\" href=\"https:\/\/www.fundaciomeritxell.cat\/blogs\/\"  style=\"--btn-text-color: #ffb606;--btn-text-color-hover:#ffb606;\" >Go to<i class=\"edu-chevron-right\"><\/i><\/a><\/div><\/div><\/div><\/div>[\/vc_column][vc_column width=&#8221;1\/3&#8243; css=&#8221;.vc_custom_1619606602667{margin-bottom: 30px !important;padding-right: 1px !important;padding-left: 1px !important;}&#8221;]<div class=\"thim-widget-icon-box template-base\"><div class=\"wrapper-box-icon has_read_more text-left overlay\" ><div class=\"smicon-box iconbox-left\" style=\"--icon-font-size:60px;--icon-color:#ffb828;--icon-width: 80px;--icon-height: 120px;\"><div class=\"boxes-icon\"><span class=\"inner-icon\"><span class=\"icon\"><i class=\"fas fa-envelope\"><\/i><\/span><\/span><\/span><\/div><div class=\"content-inner\"><div class=\"sc-heading article_heading\"><h3 class = \"heading__primary\" >Mail<\/h3><\/div><a class=\"smicon-read sc-btn\" target=\"_self\" href=\"https:\/\/outlook.office.com\/mail\/inbox\" style=\"--btn-text-color: #ffb606;--btn-text-color-hover:#ffb606;\" rel=\"noopener\">Go to<i class=\"edu-chevron-right\"><\/i><\/a><\/div><\/div><\/div><\/div>[\/vc_column][vc_column width=&#8221;1\/3&#8243; css=&#8221;.vc_custom_1619606614112{margin-bottom: 30px !important;padding-right: 1px !important;padding-left: 1px !important;}&#8221;]<div class=\"thim-widget-icon-box template-base\"><div class=\"wrapper-box-icon has_read_more text-left overlay\" ><div class=\"smicon-box iconbox-left\" style=\"--icon-font-size:60px;--icon-color:#ffb828;--icon-width: 90px;--icon-height: 120px;\"><div class=\"boxes-icon\"><span class=\"inner-icon\"><span class=\"icon\"><i class=\"fas fa-edit\"><\/i><\/span><\/span><\/span><\/div><div class=\"content-inner\"><div class=\"sc-heading article_heading\"><h3 class = \"heading__primary\" >ClickEdu<\/h3><\/div><a class=\"smicon-read sc-btn\" target=\"_self\" href=\"https:\/\/escolameritxell.clickedu.eu\/user.php?action=login\" style=\"--btn-text-color: #ffb606;--btn-text-color-hover:#ffb606;\" rel=\"noopener\">Go to<i class=\"edu-chevron-right\"><\/i><\/a><\/div><\/div><\/div><\/div>[\/vc_column][\/vc_row][vc_row css=&#8221;.vc_custom_1619605775476{margin-bottom: 25px !important;background-color: #ffffff !important;}&#8221;][vc_column width=&#8221;1\/3&#8243; offset=&#8221;vc_col-md-offset-0&#8243;]<div class=\"thim-widget-icon-box template-base\"><div class=\"wrapper-box-icon has_read_more text-left overlay\" style=\"background-color: #e5a524;\"><div class=\"smicon-box iconbox-left\" style=\"--icon-font-size:60px;--icon-color:#111111;--icon-width: 90px;--icon-height: 150px;\"><div class=\"boxes-icon\"><span class=\"inner-icon\"><span class=\"icon\"><i class=\"fas fa-lightbulb\"><\/i><\/span><\/span><\/span><\/div><div class=\"content-inner\"><div class=\"sc-heading article_heading\"><h3 class = \"heading__primary\" >Educational innovation<\/h3><\/div><a class=\"smicon-read sc-btn\" target=\"_self\" href=\"\/en\/identity-traits\/educational-innovation\/\"  style=\"--btn-text-color: #111111;--btn-text-color-hover:#111111;\" >Go to<i class=\"edu-chevron-right\"><\/i><\/a><\/div><\/div><\/div><\/div>[\/vc_column][vc_column width=&#8221;1\/3&#8243;]<div class=\"thim-widget-icon-box template-base\"><div class=\"wrapper-box-icon has_read_more text-left overlay\" style=\"background-color: #e5a524;\"><div class=\"smicon-box iconbox-left\" style=\"--icon-font-size:60px;--icon-color:#111111;--icon-width: 90px;--icon-height: 150px;\"><div class=\"boxes-icon\"><span class=\"inner-icon\"><span class=\"icon\"><i class=\"fas fa-sun\"><\/i><\/span><\/span><\/span><\/div><div class=\"content-inner\"><div class=\"sc-heading article_heading\"><h3 class = \"heading__primary\" >Personal growth<\/h3><\/div><a class=\"smicon-read sc-btn\" target=\"_self\" href=\"\/en\/identity-traits\/personal-growth\/\"  style=\"--btn-text-color: #111111;--btn-text-color-hover:#111111;\" >Go to<i class=\"edu-chevron-right\"><\/i><\/a><\/div><\/div><\/div><\/div>[\/vc_column][vc_column width=&#8221;1\/3&#8243;]<div class=\"thim-widget-icon-box template-base\"><div class=\"wrapper-box-icon has_read_more text-left overlay\" style=\"background-color: #e5a524;\"><div class=\"smicon-box iconbox-left\" style=\"--icon-font-size:60px;--icon-color:#111111;--icon-width: 90px;--icon-height: 150px;\"><div class=\"boxes-icon\"><span class=\"inner-icon\"><span class=\"icon\"><i class=\"fas fa-plane\"><\/i><\/span><\/span><\/span><\/div><div class=\"content-inner\"><div class=\"sc-heading article_heading\"><h3 class = \"heading__primary\" >Openness to the world<\/h3><\/div><a class=\"smicon-read sc-btn\" target=\"_self\" href=\"\/en\/identity-traits\/openness-to-the-world\/\"  style=\"--btn-text-color: #111111;--btn-text-color-hover:#111111;\" >Go to<i class=\"edu-chevron-right\"><\/i><\/a><\/div><\/div><\/div><\/div>[\/vc_column][\/vc_row][vc_row][vc_column width=&#8221;1\/3&#8243;][vc_custom_heading text=&#8221;Educational Project&#8221; font_container=&#8221;tag:h2|text_align:left|color:%23ffb828&#8243; use_theme_fonts=&#8221;yes&#8221;][vc_single_image image=&#8221;23824&#8243; img_size=&#8221;full&#8221;][vc_column_text]<\/p>\n<p style=\"text-align: center;\">You are welcome to read our <a href=\"\/en\/identity-traits\/\">Educational Project<\/a>.<\/p>\n<p>[\/vc_column_text][vc_single_image image=&#8221;25749&#8243; img_size=&#8221;full&#8221; alignment=&#8221;center&#8221; onclick=&#8221;custom_link&#8221; img_link_target=&#8221;_blank&#8221; css=&#8221;&#8221; link=&#8221;https:\/\/www.dropbox.com\/scl\/fi\/c5960llvudff9ja1orm74\/memoria-meritxell-2024-25.pdf?rlkey=mt188c23d73n1ju1xq0heicb9&amp;st=2qfrdhks&amp;dl=0&#8243;][\/vc_column][vc_column width=&#8221;1\/3&#8243;][vc_custom_heading text=&#8221;Why Escola Meritxell&#8221; font_container=&#8221;tag:h2|text_align:left|color:%23ffb828&#8243; use_theme_fonts=&#8221;yes&#8221;][vc_empty_space height=&#8221;8px&#8221;][vc_column_text]<\/p>\n<ul>\n<li>\n<h4>Our Educational Project is focused on a personalised support of the student.<\/h4>\n<\/li>\n<\/ul>\n<ul>\n<li>\n<h4>Educational offer from 3 to 18.<\/h4>\n<\/li>\n<li>\n<h4>Internationalisation and languages.<\/h4>\n<\/li>\n<li>\n<h4>Innovative learning methodologies.<\/h4>\n<\/li>\n<li>\n<h4>A school surrounded by nature.<\/h4>\n<\/li>\n<\/ul>\n<p>[\/vc_column_text][vc_empty_space height=&#8221;64px&#8221;][vc_column_text css=&#8221;&#8221;]<\/p>\n<p>&nbsp;<\/p>\n<p><span style=\"color: #000000;\"><a style=\"color: #000000;\" href=\"https:\/\/www.dropbox.com\/scl\/fi\/c5960llvudff9ja1orm74\/memoria-meritxell-2024-25.pdf?rlkey=mt188c23d73n1ju1xq0heicb9&amp;st=2qfrdhks&amp;dl=0\" target=\"_blank\" rel=\"noopener\">You can consult the School&#8217;s <strong>Summary Report<\/strong> for the last year where you will find general data, academic results, a map of the school and the extracurricular activities for\u00a0 language, education and trips we have made throughout the year.<\/a><\/span>[\/vc_column_text][\/vc_column][vc_column width=&#8221;1\/3&#8243; css=&#8221;.vc_custom_1616263393476{border-top-width: 4px !important;border-right-width: 4px !important;border-bottom-width: 4px !important;border-left-width: 4px !important;border-left-color: #000000 !important;border-left-style: s\u00f2lid !important;border-right-color: #000000 !important;border-right-style: s\u00f2lid !important;border-top-color: #000000 !important;border-top-style: s\u00f2lid !important;border-bottom-color: #000000 !important;border-bottom-style: s\u00f2lid !important;}&#8221;][vc_custom_heading text=&#8221;Contact the school&#8221; font_container=&#8221;tag:h2|text_align:center|color:%23ffffff&#8221; use_theme_fonts=&#8221;yes&#8221; css=&#8221;.vc_custom_1619769379575{background-color: #ffb828 !important;}&#8221;]\n<div class=\"wpcf7 no-js\" id=\"wpcf7-f17205-o1\" lang=\"en-US\" dir=\"ltr\" data-wpcf7-id=\"17205\">\n<div class=\"screen-reader-response\"><p role=\"status\" aria-live=\"polite\" aria-atomic=\"true\"><\/p> <ul><\/ul><\/div>\n<form action=\"\/en\/wp-json\/wp\/v2\/pages\/15919#wpcf7-f17205-o1\" method=\"post\" class=\"wpcf7-form init\" aria-label=\"Contact form\" novalidate=\"novalidate\" data-status=\"init\">\n<fieldset class=\"hidden-fields-container\"><input type=\"hidden\" name=\"_wpcf7\" value=\"17205\" \/><input type=\"hidden\" name=\"_wpcf7_version\" value=\"6.1.5\" \/><input type=\"hidden\" name=\"_wpcf7_locale\" value=\"en_US\" \/><input type=\"hidden\" name=\"_wpcf7_unit_tag\" value=\"wpcf7-f17205-o1\" \/><input type=\"hidden\" name=\"_wpcf7_container_post\" value=\"0\" \/><input type=\"hidden\" name=\"_wpcf7_posted_data_hash\" value=\"\" \/>\n<\/fieldset>\n<p><span class=\"wpcf7-form-control-wrap\" data-name=\"your-name\"><input size=\"40\" maxlength=\"400\" class=\"wpcf7-form-control wpcf7-text wpcf7-validates-as-required\" aria-required=\"true\" aria-invalid=\"false\" placeholder=\"Name *\" value=\"\" type=\"text\" name=\"your-name\" \/><\/span>\n<\/p>\n<p><span class=\"wpcf7-form-control-wrap\" data-name=\"your-email\"><input size=\"40\" maxlength=\"400\" class=\"wpcf7-form-control wpcf7-email wpcf7-validates-as-required wpcf7-text wpcf7-validates-as-email\" aria-required=\"true\" aria-invalid=\"false\" placeholder=\"Email *\" value=\"\" type=\"email\" name=\"your-email\" \/><\/span>\n<\/p>\n<p><span class=\"wpcf7-form-control-wrap\" data-name=\"your-subject\"><input size=\"40\" maxlength=\"400\" class=\"wpcf7-form-control wpcf7-text wpcf7-validates-as-required\" aria-required=\"true\" aria-invalid=\"false\" placeholder=\"Subject *\" value=\"\" type=\"text\" name=\"your-subject\" \/><\/span>\n<\/p>\n<p><span class=\"wpcf7-form-control-wrap\" data-name=\"your-message\"><textarea cols=\"40\" rows=\"10\" maxlength=\"2000\" class=\"wpcf7-form-control wpcf7-textarea wpcf7-validates-as-required\" aria-required=\"true\" aria-invalid=\"false\" placeholder=\"Message *\" name=\"your-message\"><\/textarea><\/span>\n<\/p>\n<p><span class=\"wpcf7-form-control-wrap\" data-name=\"acceptance-650\"><span class=\"wpcf7-form-control wpcf7-acceptance\"><span class=\"wpcf7-list-item\"><label><input type=\"checkbox\" name=\"acceptance-650\" value=\"1\" aria-invalid=\"false\" \/><span class=\"wpcf7-list-item-label\">He llegit i accepto la <a href=\"https:\/\/www.dropbox.com\/s\/wouz1vib24g7qdt\/INFORMACI%C3%93%20B%C3%80SICA%20SOBRE%20PROTECCI%C3%93%20DE%20DADES.pdf?dl=0\" target=\"_blank\" rel=\"noopener\">Informaci\u00f3 b\u00e0sica sobre protecci\u00f3 de dades<\/a>, aix\u00ed com la informaci\u00f3 addicional detallada en la <a href=\"https:\/\/www.dropbox.com\/s\/kdnl8z2orqztpe3\/ESCOLA_MERITXELL_POLITICA_DE_PROTECCIO_DE_DADES_PAGINA_WEB_.pdf?dl=0\" target=\"_blank\" rel=\"noopener\">Pol\u00edtica de privacitat i protecci\u00f3 de dades<\/a>.<\/span><\/label><\/span><\/span><\/span>\n<\/p>\n<p><span class=\"wpcf7-form-control-wrap\" data-name=\"acceptance-660\"><span class=\"wpcf7-form-control wpcf7-acceptance optional\"><span class=\"wpcf7-list-item\"><label><input type=\"checkbox\" name=\"acceptance-660\" value=\"1\" aria-invalid=\"false\" \/><span class=\"wpcf7-list-item-label\">Accepto rebre butlletins informatius sobre les activitats de: ESCOLA MERITXELL<\/span><\/label><\/span><\/span><\/span>\n<\/p>\n<p><input class=\"wpcf7-form-control wpcf7-submit has-spinner\" type=\"submit\" value=\"Send\" \/>\n<\/p><input type=\"text\" name=\"cGHZ0\" value=\"\" style=\"display: none !important;\" \/><div class=\"wpcf7-response-output\" aria-hidden=\"true\"><\/div>\n<\/form>\n<\/div>\n[\/vc_column][\/vc_row][vc_row][vc_column][vc_custom_heading text=&#8221;STAGES&#8221; font_container=&#8221;tag:h1|text_align:center|color:%23ffb828&#8243; use_theme_fonts=&#8221;yes&#8221;][\/vc_column][\/vc_row][vc_row][vc_column width=&#8221;1\/4&#8243;][vc_single_image image=&#8221;23832&#8243; img_size=&#8221;600&#215;450&#8243; alignment=&#8221;center&#8221; style=&#8221;vc_box_shadow_border&#8221; onclick=&#8221;custom_link&#8221; link=&#8221;\/en\/infant\/&#8221;][vc_custom_heading text=&#8221;INFANT EDUCATION&#8221; font_container=&#8221;tag:h4|text_align:center&#8221; use_theme_fonts=&#8221;yes&#8221; link=&#8221;url:%2Fen%2Finfant%2F&#8221;][\/vc_column][vc_column width=&#8221;1\/4&#8243;][vc_single_image image=&#8221;23840&#8243; img_size=&#8221;full&#8221; alignment=&#8221;center&#8221; style=&#8221;vc_box_shadow_border&#8221; onclick=&#8221;custom_link&#8221; link=&#8221;\/en\/primary\/&#8221;][vc_custom_heading text=&#8221;PRIMARY EDUCATION&#8221; font_container=&#8221;tag:h4|text_align:center&#8221; use_theme_fonts=&#8221;yes&#8221; link=&#8221;url:%2Fen%2Fprimary%2F&#8221;][\/vc_column][vc_column width=&#8221;1\/4&#8243;][vc_single_image image=&#8221;23848&#8243; img_size=&#8221;600&#215;450&#8243; alignment=&#8221;center&#8221; style=&#8221;vc_box_shadow_border&#8221; onclick=&#8221;custom_link&#8221; link=&#8221;\/en\/secondary\/&#8221;][vc_custom_heading text=&#8221;SECUNDARY EDUCATION&#8221; font_container=&#8221;tag:h4|text_align:center&#8221; use_theme_fonts=&#8221;yes&#8221; link=&#8221;url:%2Fen%2Fsecondary%2F&#8221;][\/vc_column][vc_column width=&#8221;1\/4&#8243;][vc_single_image image=&#8221;23856&#8243; img_size=&#8221;600&#215;450&#8243; alignment=&#8221;center&#8221; style=&#8221;vc_box_shadow_border&#8221; onclick=&#8221;custom_link&#8221; link=&#8221;\/en\/baccalaureate\/&#8221;][vc_custom_heading text=&#8221;BACCALAUREATE&#8221; font_container=&#8221;tag:h4|text_align:center&#8221; use_theme_fonts=&#8221;yes&#8221; link=&#8221;url:%2Fen%2Fbaccalaureate%2F&#8221;][\/vc_column][\/vc_row][vc_row full_width=&#8221;stretch_row&#8221; css=&#8221;.vc_custom_1623914642659{padding-right: 10px !important;padding-bottom: 10px !important;padding-left: 10px !important;background-color: #e8e8e8 !important;}&#8221;][vc_column][vc_row_inner css=&#8221;.vc_custom_1616350970877{margin-top: -20px !important;}&#8221;][vc_column_inner][vc_custom_heading text=&#8221;FACILITIES&#8221; font_container=&#8221;tag:h1|text_align:left|color:%23111111&#8243; use_theme_fonts=&#8221;yes&#8221;][\/vc_column_inner][\/vc_row_inner][vc_row_inner][vc_column_inner width=&#8221;1\/4&#8243;][vc_single_image image=&#8221;23863&#8243; img_size=&#8221;600&#215;425&#8243; alignment=&#8221;center&#8221; style=&#8221;vc_box_rounded&#8221; onclick=&#8221;custom_link&#8221; link=&#8221;\/en\/monitors\/&#8221;][vc_custom_heading text=&#8221;DINING ROOM&#8221; font_container=&#8221;tag:h4|text_align:center|color:%23e5a524&#8243; use_theme_fonts=&#8221;yes&#8221; link=&#8221;url:%2Fen%2Fmonitors%2F&#8221;][\/vc_column_inner][vc_column_inner width=&#8221;1\/4&#8243;][vc_single_image image=&#8221;23871&#8243; img_size=&#8221;600&#215;425&#8243; alignment=&#8221;center&#8221; style=&#8221;vc_box_rounded&#8221; onclick=&#8221;custom_link&#8221; link=&#8221;\/en\/transport\/&#8221;][vc_custom_heading text=&#8221;TRANSPORT&#8221; font_container=&#8221;tag:h4|text_align:center|color:%23e5a524&#8243; use_theme_fonts=&#8221;yes&#8221; link=&#8221;url:%2Fen%2Ftransport%2F&#8221;][\/vc_column_inner][vc_column_inner width=&#8221;1\/4&#8243;][vc_single_image image=&#8221;23878&#8243; img_size=&#8221;600&#215;425&#8243; alignment=&#8221;center&#8221; style=&#8221;vc_box_rounded&#8221; onclick=&#8221;custom_link&#8221; link=&#8221;\/en\/doip\/&#8221;][vc_custom_heading text=&#8221;DOIP&#8221; font_container=&#8221;tag:h4|text_align:center|color:%23e5a524&#8243; use_theme_fonts=&#8221;yes&#8221; link=&#8221;url:%2Fen%2Fdoip%2F&#8221;][\/vc_column_inner][vc_column_inner width=&#8221;1\/4&#8243;][vc_single_image image=&#8221;23886&#8243; img_size=&#8221;600&#215;425&#8243; alignment=&#8221;center&#8221; style=&#8221;vc_box_rounded&#8221; onclick=&#8221;custom_link&#8221; link=&#8221;\/en\/welcome-service\/&#8221;][vc_custom_heading text=&#8221;WELCOME SERVICE&#8221; font_container=&#8221;tag:h4|text_align:center|color:%23e5a524&#8243; use_theme_fonts=&#8221;yes&#8221; link=&#8221;url:%2Fen%2Fwelcome-service%2F&#8221;][\/vc_column_inner][\/vc_row_inner][\/vc_column][\/vc_row][vc_row][vc_column width=&#8221;1\/6&#8243;][vc_single_image image=&#8221;23920&#8243; img_size=&#8221;&#8221; onclick=&#8221;custom_link&#8221; img_link_target=&#8221;_blank&#8221; link=&#8221;https:\/\/www.agrescat.cat\/ca\/index.htm&#8221;][\/vc_column][vc_column width=&#8221;1\/6&#8243;][vc_single_image image=&#8221;23916&#8243; img_size=&#8221;&#8221; onclick=&#8221;custom_link&#8221; img_link_target=&#8221;_blank&#8221; link=&#8221;http:\/\/www.concertadesllarsmataro.com\/&#8221;][\/vc_column][vc_column width=&#8221;1\/6&#8243;][vc_single_image image=&#8221;23912&#8243; img_size=&#8221;&#8221; onclick=&#8221;custom_link&#8221; css=&#8221;&#8221; link=&#8221;https:\/\/www.dropbox.com\/scl\/fi\/flycql9yg3zk78n686e6v\/Servei-Cafeteria_Escola-Meritxell-24-25.pdf?rlkey=rl9k5xbeawpwq4e69b04lvdn5&amp;st=wi4bxj7r&amp;dl=0&#8243;][\/vc_column][vc_column width=&#8221;1\/6&#8243;][vc_single_image image=&#8221;23924&#8243; img_size=&#8221;&#8221; onclick=&#8221;custom_link&#8221; img_link_target=&#8221;_blank&#8221; link=&#8221;https:\/\/www.fundaciomeritxell.cat\/coneix-nos\/alumni-escola-meritxell\/&#8221;][\/vc_column][vc_column width=&#8221;1\/6&#8243;][vc_single_image image=&#8221;23908&#8243; img_size=&#8221;&#8221; onclick=&#8221;custom_link&#8221; img_link_target=&#8221;_blank&#8221; link=&#8221;https:\/\/www.academica.school\/files\/Guia-Rapida-ACADEMICA_CAT.pdf&#8221;][\/vc_column][vc_column width=&#8221;1\/6&#8243;][vc_single_image image=&#8221;23904&#8243; img_size=&#8221;&#8221;][\/vc_column][vc_column width=&#8221;1\/6&#8243;][vc_single_image image=&#8221;25521&#8243; img_size=&#8221;&#8221; onclick=&#8221;custom_link&#8221; img_link_target=&#8221;_blank&#8221; css=&#8221;&#8221; link=&#8221;https:\/\/www.llibrestext.com\/botiga\/index&#8221;][\/vc_column][\/vc_row]<\/p>\n<\/div>","protected":false},"excerpt":{"rendered":"<p>[vc_row full_width=&#8221;stretch_row_content_no_spaces&#8221;][vc_column 0=&#8221;&#8221; css=&#8221;.vc_custom_1619606187303{background-position: center !important;background-repeat: no-repeat !important;background-size: contain !important;}&#8221;][rev_slider_vc alias=&#8221;home-page-15&#8243;][\/vc_column][\/vc_row][vc_row el_class=&#8221;thim-best-industry&#8221; css=&#8221;.vc_custom_1619605759280{padding-right: 2px !important;padding-left: 2px !important;}&#8221;][vc_column width=&#8221;1\/3&#8243; css=&#8221;.vc_custom_1619606588248{margin-bottom: 30px !important;padding-right: 1px !important;padding-left: 1px !important;}&#8221;][\/vc_column][vc_column width=&#8221;1\/3&#8243; css=&#8221;.vc_custom_1619606602667{margin-bottom: 30px !important;padding-right: 1px !important;padding-left: 1px !important;}&#8221;][\/vc_column][vc_column width=&#8221;1\/3&#8243; css=&#8221;.vc_custom_1619606614112{margin-bottom: 30px !important;padding-right: 1px !important;padding-left: 1px !important;}&#8221;][\/vc_column][\/vc_row][vc_row css=&#8221;.vc_custom_1619605775476{margin-bottom: 25px !important;background-color: #ffffff !important;}&#8221;][vc_column width=&#8221;1\/3&#8243; offset=&#8221;vc_col-md-offset-0&#8243;][\/vc_column][vc_column width=&#8221;1\/3&#8243;][\/vc_column][vc_column width=&#8221;1\/3&#8243;][\/vc_column][\/vc_row][vc_row][vc_column &hellip; <\/p>\n","protected":false},"author":2,"featured_media":0,"parent":0,"menu_order":0,"comment_status":"closed","ping_status":"closed","template":"page-templates\/homepage.php","meta":{"rs_blank_template":"","rs_page_bg_color":"","slide_template_v7":"","footnotes":""},"class_list":["post-15919","page","type-page","status-publish","hentry"],"_links":{"self":[{"href":"https:\/\/www.fundaciomeritxell.cat\/en\/wp-json\/wp\/v2\/pages\/15919","targetHints":{"allow":["GET"]}}],"collection":[{"href":"https:\/\/www.fundaciomeritxell.cat\/en\/wp-json\/wp\/v2\/pages"}],"about":[{"href":"https:\/\/www.fundaciomeritxell.cat\/en\/wp-json\/wp\/v2\/types\/page"}],"author":[{"embeddable":true,"href":"https:\/\/www.fundaciomeritxell.cat\/en\/wp-json\/wp\/v2\/users\/2"}],"replies":[{"embeddable":true,"href":"https:\/\/www.fundaciomeritxell.cat\/en\/wp-json\/wp\/v2\/comments?post=15919"}],"version-history":[{"count":1,"href":"https:\/\/www.fundaciomeritxell.cat\/en\/wp-json\/wp\/v2\/pages\/15919\/revisions"}],"predecessor-version":[{"id":26066,"href":"https:\/\/www.fundaciomeritxell.cat\/en\/wp-json\/wp\/v2\/pages\/15919\/revisions\/26066"}],"wp:attachment":[{"href":"https:\/\/www.fundaciomeritxell.cat\/en\/wp-json\/wp\/v2\/media?parent=15919"}],"curies":[{"name":"wp","href":"https:\/\/api.w.org\/{rel}","templated":true}]}}